{"id":4468,"date":"2021-11-08T12:56:31","date_gmt":"2021-11-08T11:56:31","guid":{"rendered":"https:\/\/www.laulamusical.cat\/?page_id=4468"},"modified":"2022-01-31T10:37:03","modified_gmt":"2022-01-31T09:37:03","slug":"avis-legal","status":"publish","type":"page","link":"https:\/\/www.laulamusical.cat\/ca\/avis-legal\/","title":{"rendered":"Av\u00eds legal"},"content":{"rendered":"<p><strong>OBJECTE<\/strong>:<\/p>\n<p>Aquesta p\u00e0gina web ha estat dissenyada per donar a con\u00e8ixer i permetre l&#8217;acc\u00e9s al p\u00fablic a la informaci\u00f3 relativa als continguts i les activitats de NATALIYA KUZNETSOVA, DNI X6317647F, direcci\u00f3 Carrer de Sant Cugat 6 de Rub\u00ed; amb correu electr\u00f2nic de contacte laaulamusical@gmail.com. A m\u00e9s, es possibilita l&#8217;acc\u00e9s a altres informacions, productes i serveis d&#8217;entitats diferents a la de NATALIYA KUZNETSOVA, aix\u00ed com aquelles que esdevenen accessibles a trav\u00e9s dels links (enlla\u00e7os) i connexions existents. NATALIYA KUZNETSOVA es reserva el dret de modificar aquesta pol\u00edtica a discreci\u00f3.<\/p>\n<p><strong>PROPIETAT INTEL\u00b7LECTUAL I INDUSTRIAL:<\/strong><\/p>\n<p>Els drets de propietat intel\u00b7lectual de la p\u00e0gina de NATALIYA KUZNETSOVA, el seu codi font, disseny, estructures de navegaci\u00f3, bases de dades i els diferents elements continguts s\u00f3n titularitat de NATALIYA KUZNETSOVA, a qui correspon l&#8217;exercici exclusiu dels drets d&#8217;explotaci\u00f3 de aquests en qualsevol forma i, especialment, els drets de reproducci\u00f3, distribuci\u00f3, comunicaci\u00f3 p\u00fablica i transformaci\u00f3, dacord amb la legislaci\u00f3 espanyola i de la Uni\u00f3 Europea aplicable.<\/p>\n<p>Respecte a les eventuals cites de productes i serveis de tercers, NATALIYA KUZNETSOVA reconeix a favor dels seus titulars els corresponents drets de propietat industrial i intel\u00b7lectual, i no implica la seva sola menci\u00f3 o aparici\u00f3 a la web l&#8217;exist\u00e8ncia de drets o responsabilitat de NATALIYA KUZNETSOVA sobre els mateixos, com tampoc suport, patrocini, o recomanaci\u00f3 per part de NATALIYA KUZNETSOVA, tret que es manifesti de forma expressa.<\/p>\n<p><strong>CONTINGUTS:<\/strong><\/p>\n<p>Tots els continguts facilitats en aquest web han estat elaborats amb informaci\u00f3 procedent tant de fonts internes de NATALIYA KUZNETSOVA, com de fonts externes a la pr\u00f2pia entitat, motiu pel qual NATALIYA KUZNETSOVA no es fa responsable de la possible manca d&#8217;actualitzaci\u00f3 o inexactitud de la informaci\u00f3 pertanyent a aquestes fonts externes, responent \u00fanicament per aquells continguts provinents directament de les seves fonts internes i degudament identificats amb el seu Copyright. Per aix\u00f2, abans de prendre cap decisi\u00f3 o fer cap acci\u00f3, NATALIYA KUZNETSOVA recomana a l&#8217;usuari la comprovaci\u00f3 de la informaci\u00f3 rebuda amb una altra font.<\/p>\n<p>Es facilita a trav\u00e9s d&#8217;aquest Web informaci\u00f3 sobre serveis destinats al coneixement p\u00fablic que, en tot cas, se subjectaran als termes i condicions expressament detallats a cada moment i que s\u00f3n accessibles des d&#8217;aquesta p\u00e0gina Web, els quals se subjectaran a les diferents disposicions legals daplicaci\u00f3.<\/p>\n<p><strong>ACC\u00c9S I \u00daS:<\/strong><\/p>\n<p>Tant l&#8217;acc\u00e9s a aquesta p\u00e0gina web, com l&#8217;\u00fas que es pugui fer de la informaci\u00f3 i els continguts inclosos en aquesta, ser\u00e0 de l&#8217;exclusiva responsabilitat de qui ho faci.<\/p>\n<p>Les condicions d&#8217;acc\u00e9s a aquesta Web estaran supeditades a la legalitat vigent i els principis de la bona fe i \u00fas l\u00edcit per part de l&#8217;usuari de la mateixa, quedant prohibit amb car\u00e0cter general qualsevol tipus d&#8217;actuaci\u00f3 en perjudici de NATALIYA KUZNETSOVA o de tercers.<\/p>\n<p>Es considerar\u00e0 terminantment prohibit l&#8217;\u00fas de la present p\u00e0gina web amb finalitats il\u00b7legals o no autoritzades.<\/p>\n<p><strong>RESPONSABILITAT:<\/strong><\/p>\n<p>NATALIYA KUZNETSOVA no es fa responsable per cap tipus de dany que poguessin ocasionar els usuaris a la present p\u00e0gina Web, oa qualsevol altra, per l&#8217;\u00fas il\u00b7legal o indegut de la mateixa, o dels continguts i les informacions accessibles o facilitades a trav\u00e9s d&#8217;aquesta.<\/p>\n<p><strong>SERVICI:<\/strong><\/p>\n<p>NATALIYA KUZNETSOVA es reserva el dret de suspendre l&#8217;acc\u00e9s a la seva p\u00e0gina web, sense av\u00eds previ, de forma discrecional i temporal, per raons t\u00e8cniques o de qualsevol altra \u00edndole, podent aix\u00ed mateix modificar unilateralment tant les condicions d&#8217;acc\u00e9s, com la totalitat o part de els continguts que s&#8217;hi inclouen.<\/p>\n","protected":false},"excerpt":{"rendered":"<p>OBJECTE: Aquesta p\u00e0gina web ha estat dissenyada per donar a con\u00e8ixer i permetre l&#8217;acc\u00e9s al p\u00fablic a la informaci\u00f3 relativa als continguts i les activitats de NATALIYA KUZNETSOVA, DNI X6317647F, direcci\u00f3 Carrer de Sant Cugat 6 de Rub\u00ed; amb correu electr\u00f2nic de contacte laaulamusical@gmail.com. A m\u00e9s, es possibilita l&#8217;acc\u00e9s a altres informacions, productes i serveis [&hellip;]<\/p>\n","protected":false},"author":7,"featured_media":0,"parent":0,"menu_order":0,"comment_status":"closed","ping_status":"closed","template":"","meta":{"_joinchat":[],"footnotes":""},"class_list":["post-4468","page","type-page","status-publish","hentry"],"yoast_head":"<!-- This site is optimized with the Yoast SEO plugin v24.9 - https:\/\/yoast.com\/wordpress\/plugins\/seo\/ -->\n<title>Av\u00eds legal | L&#039;Aula Musical<\/title>\n<meta name=\"robots\" content=\"noindex, nofollow\" \/>\n<meta property=\"og:locale\" content=\"ca_ES\" \/>\n<meta property=\"og:type\" content=\"article\" \/>\n<meta property=\"og:title\" content=\"Av\u00eds legal | L&#039;Aula Musical\" \/>\n<meta property=\"og:description\" content=\"OBJECTE: Aquesta p\u00e0gina web ha estat dissenyada per donar a con\u00e8ixer i permetre l&#8217;acc\u00e9s al p\u00fablic a la informaci\u00f3 relativa als continguts i les activitats de NATALIYA KUZNETSOVA, DNI X6317647F, direcci\u00f3 Carrer de Sant Cugat 6 de Rub\u00ed; amb correu electr\u00f2nic de contacte laaulamusical@gmail.com. A m\u00e9s, es possibilita l&#8217;acc\u00e9s a altres informacions, productes i serveis [&hellip;]\" \/>\n<meta property=\"og:url\" content=\"https:\/\/www.laulamusical.cat\/ca\/avis-legal\/\" \/>\n<meta property=\"og:site_name\" content=\"L&#039;Aula Musical\" \/>\n<meta property=\"article:modified_time\" content=\"2022-01-31T09:37:03+00:00\" \/>\n<meta name=\"twitter:card\" content=\"summary_large_image\" \/>\n<meta name=\"twitter:label1\" content=\"Temps estimat de lectura\" \/>\n\t<meta name=\"twitter:data1\" content=\"3 minuts\" \/>\n<script type=\"application\/ld+json\" class=\"yoast-schema-graph\">{\"@context\":\"https:\/\/schema.org\",\"@graph\":[{\"@type\":\"WebPage\",\"@id\":\"https:\/\/www.laulamusical.cat\/ca\/avis-legal\/\",\"url\":\"https:\/\/www.laulamusical.cat\/ca\/avis-legal\/\",\"name\":\"Av\u00eds legal | L&#039;Aula Musical\",\"isPartOf\":{\"@id\":\"https:\/\/www.laulamusical.cat\/es\/#website\"},\"datePublished\":\"2021-11-08T11:56:31+00:00\",\"dateModified\":\"2022-01-31T09:37:03+00:00\",\"breadcrumb\":{\"@id\":\"https:\/\/www.laulamusical.cat\/ca\/avis-legal\/#breadcrumb\"},\"inLanguage\":\"ca\",\"potentialAction\":[{\"@type\":\"ReadAction\",\"target\":[\"https:\/\/www.laulamusical.cat\/ca\/avis-legal\/\"]}]},{\"@type\":\"BreadcrumbList\",\"@id\":\"https:\/\/www.laulamusical.cat\/ca\/avis-legal\/#breadcrumb\",\"itemListElement\":[{\"@type\":\"ListItem\",\"position\":1,\"name\":\"Portada\",\"item\":\"https:\/\/www.laulamusical.cat\/ca\/\"},{\"@type\":\"ListItem\",\"position\":2,\"name\":\"Av\u00eds legal\"}]},{\"@type\":\"WebSite\",\"@id\":\"https:\/\/www.laulamusical.cat\/es\/#website\",\"url\":\"https:\/\/www.laulamusical.cat\/es\/\",\"name\":\"L&#039;Aula Musical\",\"description\":\"Escola de m\u00fasica a Rub\u00ed\",\"publisher\":{\"@id\":\"https:\/\/www.laulamusical.cat\/es\/#organization\"},\"potentialAction\":[{\"@type\":\"SearchAction\",\"target\":{\"@type\":\"EntryPoint\",\"urlTemplate\":\"https:\/\/www.laulamusical.cat\/es\/?s={search_term_string}\"},\"query-input\":{\"@type\":\"PropertyValueSpecification\",\"valueRequired\":true,\"valueName\":\"search_term_string\"}}],\"inLanguage\":\"ca\"},{\"@type\":\"Organization\",\"@id\":\"https:\/\/www.laulamusical.cat\/es\/#organization\",\"name\":\"L'Aula Musical\",\"url\":\"https:\/\/www.laulamusical.cat\/es\/\",\"logo\":{\"@type\":\"ImageObject\",\"inLanguage\":\"ca\",\"@id\":\"https:\/\/www.laulamusical.cat\/es\/#\/schema\/logo\/image\/\",\"url\":\"https:\/\/www.laulamusical.cat\/wp-content\/uploads\/2021\/08\/cropped-logo-cuadrado.jpg\",\"contentUrl\":\"https:\/\/www.laulamusical.cat\/wp-content\/uploads\/2021\/08\/cropped-logo-cuadrado.jpg\",\"width\":512,\"height\":512,\"caption\":\"L'Aula Musical\"},\"image\":{\"@id\":\"https:\/\/www.laulamusical.cat\/es\/#\/schema\/logo\/image\/\"}}]}<\/script>\n<!-- \/ Yoast SEO plugin. -->","yoast_head_json":{"title":"Av\u00eds legal | L&#039;Aula Musical","robots":{"index":"noindex","follow":"nofollow"},"og_locale":"ca_ES","og_type":"article","og_title":"Av\u00eds legal | L&#039;Aula Musical","og_description":"OBJECTE: Aquesta p\u00e0gina web ha estat dissenyada per donar a con\u00e8ixer i permetre l&#8217;acc\u00e9s al p\u00fablic a la informaci\u00f3 relativa als continguts i les activitats de NATALIYA KUZNETSOVA, DNI X6317647F, direcci\u00f3 Carrer de Sant Cugat 6 de Rub\u00ed; amb correu electr\u00f2nic de contacte laaulamusical@gmail.com. A m\u00e9s, es possibilita l&#8217;acc\u00e9s a altres informacions, productes i serveis [&hellip;]","og_url":"https:\/\/www.laulamusical.cat\/ca\/avis-legal\/","og_site_name":"L&#039;Aula Musical","article_modified_time":"2022-01-31T09:37:03+00:00","twitter_card":"summary_large_image","twitter_misc":{"Temps estimat de lectura":"3 minuts"},"schema":{"@context":"https:\/\/schema.org","@graph":[{"@type":"WebPage","@id":"https:\/\/www.laulamusical.cat\/ca\/avis-legal\/","url":"https:\/\/www.laulamusical.cat\/ca\/avis-legal\/","name":"Av\u00eds legal | L&#039;Aula Musical","isPartOf":{"@id":"https:\/\/www.laulamusical.cat\/es\/#website"},"datePublished":"2021-11-08T11:56:31+00:00","dateModified":"2022-01-31T09:37:03+00:00","breadcrumb":{"@id":"https:\/\/www.laulamusical.cat\/ca\/avis-legal\/#breadcrumb"},"inLanguage":"ca","potentialAction":[{"@type":"ReadAction","target":["https:\/\/www.laulamusical.cat\/ca\/avis-legal\/"]}]},{"@type":"BreadcrumbList","@id":"https:\/\/www.laulamusical.cat\/ca\/avis-legal\/#breadcrumb","itemListElement":[{"@type":"ListItem","position":1,"name":"Portada","item":"https:\/\/www.laulamusical.cat\/ca\/"},{"@type":"ListItem","position":2,"name":"Av\u00eds legal"}]},{"@type":"WebSite","@id":"https:\/\/www.laulamusical.cat\/es\/#website","url":"https:\/\/www.laulamusical.cat\/es\/","name":"L&#039;Aula Musical","description":"Escola de m\u00fasica a Rub\u00ed","publisher":{"@id":"https:\/\/www.laulamusical.cat\/es\/#organization"},"potentialAction":[{"@type":"SearchAction","target":{"@type":"EntryPoint","urlTemplate":"https:\/\/www.laulamusical.cat\/es\/?s={search_term_string}"},"query-input":{"@type":"PropertyValueSpecification","valueRequired":true,"valueName":"search_term_string"}}],"inLanguage":"ca"},{"@type":"Organization","@id":"https:\/\/www.laulamusical.cat\/es\/#organization","name":"L'Aula Musical","url":"https:\/\/www.laulamusical.cat\/es\/","logo":{"@type":"ImageObject","inLanguage":"ca","@id":"https:\/\/www.laulamusical.cat\/es\/#\/schema\/logo\/image\/","url":"https:\/\/www.laulamusical.cat\/wp-content\/uploads\/2021\/08\/cropped-logo-cuadrado.jpg","contentUrl":"https:\/\/www.laulamusical.cat\/wp-content\/uploads\/2021\/08\/cropped-logo-cuadrado.jpg","width":512,"height":512,"caption":"L'Aula Musical"},"image":{"@id":"https:\/\/www.laulamusical.cat\/es\/#\/schema\/logo\/image\/"}}]}},"_links":{"self":[{"href":"https:\/\/www.laulamusical.cat\/ca\/wp-json\/wp\/v2\/pages\/4468","targetHints":{"allow":["GET"]}}],"collection":[{"href":"https:\/\/www.laulamusical.cat\/ca\/wp-json\/wp\/v2\/pages"}],"about":[{"href":"https:\/\/www.laulamusical.cat\/ca\/wp-json\/wp\/v2\/types\/page"}],"author":[{"embeddable":true,"href":"https:\/\/www.laulamusical.cat\/ca\/wp-json\/wp\/v2\/users\/7"}],"replies":[{"embeddable":true,"href":"https:\/\/www.laulamusical.cat\/ca\/wp-json\/wp\/v2\/comments?post=4468"}],"version-history":[{"count":0,"href":"https:\/\/www.laulamusical.cat\/ca\/wp-json\/wp\/v2\/pages\/4468\/revisions"}],"wp:attachment":[{"href":"https:\/\/www.laulamusical.cat\/ca\/wp-json\/wp\/v2\/media?parent=4468"}],"curies":[{"name":"wp","href":"https:\/\/api.w.org\/{rel}","templated":true}]}}