{"id":4475,"date":"2021-11-08T13:03:18","date_gmt":"2021-11-08T12:03:18","guid":{"rendered":"https:\/\/www.laulamusical.cat\/?page_id=4475"},"modified":"2022-01-31T10:37:38","modified_gmt":"2022-01-31T09:37:38","slug":"politica-privacitat","status":"publish","type":"page","link":"https:\/\/www.laulamusical.cat\/ca\/politica-privacitat\/","title":{"rendered":"Pol\u00edtica de privacitat"},"content":{"rendered":"<p><strong>PROTECCI\u00d3 DE DADES:<\/strong><\/p>\n<p>Introducci\u00f3: Amb la informaci\u00f3 que us proporcionarem a continuaci\u00f3, NATALIYA KUZNETSOVA vol que conegueu quina \u00e9s la pol\u00edtica de privadesa aplicada en relaci\u00f3 amb les vostres dades personals.<\/p>\n<p>Compliment de la normativa de protecci\u00f3 de dades: NATALIYA KUZNETSOVAcompleix tots els requisits establerts per la normativa vigent en mat\u00e8ria de protecci\u00f3 de dades personals, i totes les dades sota la seva responsabilitat s\u00f3n tractades dacord amb les exig\u00e8ncies legals.<\/p>\n<p>Mesures de seguretat: s&#8217;aplicaran les preceptives mesures de seguretat, tant t\u00e8cniques com organitzatives, que garanteixin la confidencialitat de les dades.<\/p>\n<p>Informaci\u00f3 b\u00e0sica que s&#8217;amplia m\u00e9s endavant:<\/p>\n<p>Responsable: NATALIYA KUZNETSOVA.<\/p>\n<p>Finalitat: gesti\u00f3 de la relaci\u00f3 entre responsable i interessat quant a la gesti\u00f3 dels serveis i informaci\u00f3 oferts.<\/p>\n<p>Legitimaci\u00f3: consentiment de linteressat.<\/p>\n<p>Destinataris: les vostres dades nom\u00e9s podran ser comunicades a tercers per al compliment de les obligacions legals i\/o contractuals que puguin existir.<\/p>\n<p>Drets: acc\u00e9s, rectificaci\u00f3 i supressi\u00f3 de les dades, aix\u00ed com altres drets addicionals que s&#8217;especifiquen a la informaci\u00f3 ampliada.<\/p>\n<p>Informaci\u00f3 ampliada:<\/p>\n<p>Responsable: NATALIYA KUZNETSOVA<\/p>\n<p>NIF: X6317647F<\/p>\n<p>Adre\u00e7a: Carrer de Sant Cugat 6, Rub\u00ed<\/p>\n<p>Contacte:laaulamusical@gmail.com<\/p>\n<p>Delegat de Protecci\u00f3 de Dades: no existeix, en no ser preceptiu.<\/p>\n<p>Contacte del Delegat de Protecci\u00f3 de Dades: no existeix, en no ser preceptiu.<\/p>\n<p>Finalitats:<\/p>\n<p>Les finalitats per a les quals es tractaran les dades que ens facilitin seran les seg\u00fcents:<\/p>\n<p>(a) Us informem que les dades personals que ens facilite i aquelles que siguin obtingudes de les seves relacions amb nosaltres, seran incorporades a un fitxer o fitxers, responsabilitat de NATALIYA KUZNETSOVA, i seran destinades exclusivament a la gesti\u00f3 de la relaci\u00f3 entre responsable i interessat quant als serveis i informaci\u00f3 oferts.<\/p>\n<p>(b) Contacte, tr\u00e0mits, inscripcions: si ens remet un correu electr\u00f2nic a alguna de les adreces de correu electr\u00f2nic de contacte existents a la web, o omple algun dels formularis (tret que la finalitat sigui alguna altra de les especificades a aquest apartat), s&#8217;utilitzaran les vostres dades per a la gesti\u00f3 del vostre contacte o realitzaci\u00f3 d&#8217;algun tr\u00e0mit amb nosaltres, ja sigui per a una consulta, suggeriment, concretar cita pr\u00e8via, sol\u00b7licitud d&#8217;informaci\u00f3 i\/o servei, sol\u00b7licitar un cat\u00e0leg, inscripci\u00f3 a actes o activitats, gestionar la queixa, reclamaci\u00f3 o den\u00fancia, o per qualsevol altre motiu conseq\u00fc\u00e8ncia del contacte o tr\u00e0mit realitzat per part seva.<\/p>\n<p>(c) Part privada de la web, Oficina Virtual: per gestionar l&#8217;acc\u00e9s i l&#8217;\u00fas de la part privada de la Web.<\/p>\n<p>(d) Per a la gesti\u00f3 del servei de correu electr\u00f2nic.<\/p>\n<p>(e) Xarxes socials: NATALIYA KUZNETSOVA posa en el seu coneixement que \u00e9s present a xarxes socials. El tractament de les dades que es faci de les persones que es facin seguidores (i\/o estableixin un vincle o fent qualsevol acci\u00f3 de connexi\u00f3 a les xarxes socials) de la p\u00e0gina web a les xarxes socials es regir\u00e0 per aquest apartat, l&#8217;av\u00eds legal del Web, aix\u00ed com per aquelles Condicions d&#8217;\u00fas, Pol\u00edtiques de privadesa i altres normatives d&#8217;acc\u00e9s, \u00fas i similars, que pertanyin a la xarxa social que correspongui. NATALIYA KUZNETSOVA tractar\u00e0 les dades que ens faciliti fent-se seguidor amb la finalitat d&#8217;administrar correctament la seva pres\u00e8ncia a la xarxa social que correspongui, informar-ho d&#8217;activitats de NATALIYA KUZNETSOVA o de tercers que puguin estar relacionades amb la seva activitat, aix\u00ed com per qualsevol altra que les normatives de les xarxes socials puguin permetre.<\/p>\n<p>(f) Podran existir altres cl\u00e0usules de protecci\u00f3 de dades a la Web i\/o als formularis que puguin apar\u00e8ixer, les quals seran complement\u00e0ries i, en cas necessari, s&#8217;aplicar\u00e0 aquest av\u00eds legal i de privadesa.<\/p>\n<p>Legitimaci\u00f3: la base legal \u00e9s el consentiment de linteressat.<\/p>\n<p>Les dades es conservaran durant tot el termini de prescripci\u00f3 de les accions de responsabilitat.<\/p>\n<p>Destinataris: les vostres dades nom\u00e9s podran ser comunicades a tercers per al compliment de les obligacions legals i\/o contractuals que puguin existir, sempre en els termes legalment establerts.<\/p>\n<p>Drets dels afectats: en cas necessari, podeu exercir els vostres drets d&#8217;acc\u00e9s, rectificaci\u00f3, supressi\u00f3, limitaci\u00f3 i oposici\u00f3 al tractament de les dades, dirigint-vos per escrit o per correu electr\u00f2nic i acompanyant c\u00f2pia de document oficial que ho identifique, a NATALIYA KUZNETSOVA, amb adre\u00e7a postal Av. dels Paraires, n\u00fam. 23, de Sabadell; i amb correu electr\u00f2nic de contacte laaulamusical@gmail.com. Tamb\u00e9 t\u00e9 dret a formular reclamaci\u00f3 a l&#8217;Ag\u00e8ncia Espanyola de Protecci\u00f3 de Dades.<\/p>\n<p>Aix\u00ed mateix, en compliment de l&#8217;article 21 de la Llei 34\/2002, d&#8217;11 de juliol, de serveis de la societat de la informaci\u00f3 i de comer\u00e7 electr\u00f2nic, NATALIYA KUZNETSOVA no enviar\u00e0 per correu electr\u00f2nic comunicacions publicit\u00e0ries que no hagin estat autoritzades pels usuaris. Quan NATALIYA KUZNETSOVA disposi del consentiment expr\u00e9s del destinatari a rebre comunicaci\u00f3 comercial mitjan\u00e7ant correu electr\u00f2nic, la paraula &#8220;publicitat&#8221; apareixer\u00e0 a l&#8217;inici del missatge.<\/p>\n<p><strong>ENLLA\u00c7OS A P\u00c0GINES DE TERCERS:<\/strong><\/p>\n<p>Els enlla\u00e7os en aquesta \u00e0rea us permetran deixar el lloc de NATALIYA KUZNETSOVA. Els llocs enlla\u00e7ats no estan controlats per NATALIYA KUZNETSOVA, i aquesta no es fa responsable dels continguts de cap enlla\u00e7, ni de cap enlla\u00e7 que es trobe a qualsevol lloc enlla\u00e7at, ni de cap canvi o actualitzaci\u00f3 d&#8217;aquests llocs. NATALIYA KUZNETSOVA no es fa responsable d&#8217;actes de \u201cwebcasting\u201d o qualsevol altra forma de transmissi\u00f3 efectuada des de qualsevol lloc enlla\u00e7at. NATALIYA KUZNETSOVA nom\u00e9s us est\u00e0 proporcionant aquests enlla\u00e7os per a la vostra comoditat i aprofitament, i la inclusi\u00f3 de qualsevol enlla\u00e7 no implica l&#8217;aprovaci\u00f3 del lloc per part de NATALIYA KUZNETSOVA.<\/p>\n<p>NATALIYA KUZNETSOVA informa que la funci\u00f3 dels &#8220;links&#8221; o enlla\u00e7os que apareixen a les seves p\u00e0gines \u00e9s exclusivament informar l&#8217;usuari sobre l&#8217;exist\u00e8ncia d&#8217;altres fonts d&#8217;informaci\u00f3 sobre la mat\u00e8ria a Internet, on podr\u00e0 ampliar les dades ofertes en aquest web. Aquests \u201clinks\u201d no suposen un suggeriment, invitaci\u00f3 o recomanaci\u00f3 per a la visita dels llocs de destinaci\u00f3 i, per aix\u00f2, NATALIYA KUZNETSOVA no ser\u00e0 responsable del resultat obtingut a trav\u00e9s d&#8217;aquests enlla\u00e7os.<\/p>\n<p><strong>GENERALS:<\/strong><\/p>\n<p>Per a qualsevol q\u00fcesti\u00f3 litigiosa o que incumbeixi a la p\u00e0gina web de NATALIYA KUZNETSOVA ser\u00e0 aplicable la legislaci\u00f3 espanyola, i seran competents per a la resoluci\u00f3 de tots els conflictes derivats o relacionats amb l&#8217;\u00fas d&#8217;aquesta p\u00e0gina web, els jutjats i els tribunals del domicili de l&#8217;usuari, i els de Sabadell en cas que aquest resideixi fora del territori de l&#8217;estat espanyol.<\/p>\n<p>L&#8217;acc\u00e9s a la p\u00e0gina web de NATALIYA KUZNETSOVA implica l&#8217;acceptaci\u00f3 de totes les condicions expressades anteriorment.<\/p>\n","protected":false},"excerpt":{"rendered":"<p>PROTECCI\u00d3 DE DADES: Introducci\u00f3: Amb la informaci\u00f3 que us proporcionarem a continuaci\u00f3, NATALIYA KUZNETSOVA vol que conegueu quina \u00e9s la pol\u00edtica de privadesa aplicada en relaci\u00f3 amb les vostres dades personals. Compliment de la normativa de protecci\u00f3 de dades: NATALIYA KUZNETSOVAcompleix tots els requisits establerts per la normativa vigent en mat\u00e8ria de protecci\u00f3 de dades [&hellip;]<\/p>\n","protected":false},"author":7,"featured_media":0,"parent":0,"menu_order":0,"comment_status":"closed","ping_status":"closed","template":"","meta":{"_joinchat":[],"footnotes":""},"class_list":["post-4475","page","type-page","status-publish","hentry"],"yoast_head":"<!-- This site is optimized with the Yoast SEO plugin v24.9 - https:\/\/yoast.com\/wordpress\/plugins\/seo\/ -->\n<title>Pol\u00edtica de privacitat | L&#039;Aula Musical<\/title>\n<meta name=\"robots\" content=\"noindex, nofollow\" \/>\n<meta property=\"og:locale\" content=\"ca_ES\" \/>\n<meta property=\"og:type\" content=\"article\" \/>\n<meta property=\"og:title\" content=\"Pol\u00edtica de privacitat | L&#039;Aula Musical\" \/>\n<meta property=\"og:description\" content=\"PROTECCI\u00d3 DE DADES: Introducci\u00f3: Amb la informaci\u00f3 que us proporcionarem a continuaci\u00f3, NATALIYA KUZNETSOVA vol que conegueu quina \u00e9s la pol\u00edtica de privadesa aplicada en relaci\u00f3 amb les vostres dades personals. Compliment de la normativa de protecci\u00f3 de dades: NATALIYA KUZNETSOVAcompleix tots els requisits establerts per la normativa vigent en mat\u00e8ria de protecci\u00f3 de dades [&hellip;]\" \/>\n<meta property=\"og:url\" content=\"https:\/\/www.laulamusical.cat\/ca\/politica-privacitat\/\" \/>\n<meta property=\"og:site_name\" content=\"L&#039;Aula Musical\" \/>\n<meta property=\"article:modified_time\" content=\"2022-01-31T09:37:38+00:00\" \/>\n<meta name=\"twitter:card\" content=\"summary_large_image\" \/>\n<meta name=\"twitter:label1\" content=\"Temps estimat de lectura\" \/>\n\t<meta name=\"twitter:data1\" content=\"5 minuts\" \/>\n<script type=\"application\/ld+json\" class=\"yoast-schema-graph\">{\"@context\":\"https:\/\/schema.org\",\"@graph\":[{\"@type\":\"WebPage\",\"@id\":\"https:\/\/www.laulamusical.cat\/ca\/politica-privacitat\/\",\"url\":\"https:\/\/www.laulamusical.cat\/ca\/politica-privacitat\/\",\"name\":\"Pol\u00edtica de privacitat | L&#039;Aula Musical\",\"isPartOf\":{\"@id\":\"https:\/\/www.laulamusical.cat\/es\/#website\"},\"datePublished\":\"2021-11-08T12:03:18+00:00\",\"dateModified\":\"2022-01-31T09:37:38+00:00\",\"breadcrumb\":{\"@id\":\"https:\/\/www.laulamusical.cat\/ca\/politica-privacitat\/#breadcrumb\"},\"inLanguage\":\"ca\",\"potentialAction\":[{\"@type\":\"ReadAction\",\"target\":[\"https:\/\/www.laulamusical.cat\/ca\/politica-privacitat\/\"]}]},{\"@type\":\"BreadcrumbList\",\"@id\":\"https:\/\/www.laulamusical.cat\/ca\/politica-privacitat\/#breadcrumb\",\"itemListElement\":[{\"@type\":\"ListItem\",\"position\":1,\"name\":\"Portada\",\"item\":\"https:\/\/www.laulamusical.cat\/ca\/\"},{\"@type\":\"ListItem\",\"position\":2,\"name\":\"Pol\u00edtica de privacitat\"}]},{\"@type\":\"WebSite\",\"@id\":\"https:\/\/www.laulamusical.cat\/es\/#website\",\"url\":\"https:\/\/www.laulamusical.cat\/es\/\",\"name\":\"L&#039;Aula Musical\",\"description\":\"Escola de m\u00fasica a Rub\u00ed\",\"publisher\":{\"@id\":\"https:\/\/www.laulamusical.cat\/es\/#organization\"},\"potentialAction\":[{\"@type\":\"SearchAction\",\"target\":{\"@type\":\"EntryPoint\",\"urlTemplate\":\"https:\/\/www.laulamusical.cat\/es\/?s={search_term_string}\"},\"query-input\":{\"@type\":\"PropertyValueSpecification\",\"valueRequired\":true,\"valueName\":\"search_term_string\"}}],\"inLanguage\":\"ca\"},{\"@type\":\"Organization\",\"@id\":\"https:\/\/www.laulamusical.cat\/es\/#organization\",\"name\":\"L'Aula Musical\",\"url\":\"https:\/\/www.laulamusical.cat\/es\/\",\"logo\":{\"@type\":\"ImageObject\",\"inLanguage\":\"ca\",\"@id\":\"https:\/\/www.laulamusical.cat\/es\/#\/schema\/logo\/image\/\",\"url\":\"https:\/\/www.laulamusical.cat\/wp-content\/uploads\/2021\/08\/cropped-logo-cuadrado.jpg\",\"contentUrl\":\"https:\/\/www.laulamusical.cat\/wp-content\/uploads\/2021\/08\/cropped-logo-cuadrado.jpg\",\"width\":512,\"height\":512,\"caption\":\"L'Aula Musical\"},\"image\":{\"@id\":\"https:\/\/www.laulamusical.cat\/es\/#\/schema\/logo\/image\/\"}}]}<\/script>\n<!-- \/ Yoast SEO plugin. -->","yoast_head_json":{"title":"Pol\u00edtica de privacitat | L&#039;Aula Musical","robots":{"index":"noindex","follow":"nofollow"},"og_locale":"ca_ES","og_type":"article","og_title":"Pol\u00edtica de privacitat | L&#039;Aula Musical","og_description":"PROTECCI\u00d3 DE DADES: Introducci\u00f3: Amb la informaci\u00f3 que us proporcionarem a continuaci\u00f3, NATALIYA KUZNETSOVA vol que conegueu quina \u00e9s la pol\u00edtica de privadesa aplicada en relaci\u00f3 amb les vostres dades personals. Compliment de la normativa de protecci\u00f3 de dades: NATALIYA KUZNETSOVAcompleix tots els requisits establerts per la normativa vigent en mat\u00e8ria de protecci\u00f3 de dades [&hellip;]","og_url":"https:\/\/www.laulamusical.cat\/ca\/politica-privacitat\/","og_site_name":"L&#039;Aula Musical","article_modified_time":"2022-01-31T09:37:38+00:00","twitter_card":"summary_large_image","twitter_misc":{"Temps estimat de lectura":"5 minuts"},"schema":{"@context":"https:\/\/schema.org","@graph":[{"@type":"WebPage","@id":"https:\/\/www.laulamusical.cat\/ca\/politica-privacitat\/","url":"https:\/\/www.laulamusical.cat\/ca\/politica-privacitat\/","name":"Pol\u00edtica de privacitat | L&#039;Aula Musical","isPartOf":{"@id":"https:\/\/www.laulamusical.cat\/es\/#website"},"datePublished":"2021-11-08T12:03:18+00:00","dateModified":"2022-01-31T09:37:38+00:00","breadcrumb":{"@id":"https:\/\/www.laulamusical.cat\/ca\/politica-privacitat\/#breadcrumb"},"inLanguage":"ca","potentialAction":[{"@type":"ReadAction","target":["https:\/\/www.laulamusical.cat\/ca\/politica-privacitat\/"]}]},{"@type":"BreadcrumbList","@id":"https:\/\/www.laulamusical.cat\/ca\/politica-privacitat\/#breadcrumb","itemListElement":[{"@type":"ListItem","position":1,"name":"Portada","item":"https:\/\/www.laulamusical.cat\/ca\/"},{"@type":"ListItem","position":2,"name":"Pol\u00edtica de privacitat"}]},{"@type":"WebSite","@id":"https:\/\/www.laulamusical.cat\/es\/#website","url":"https:\/\/www.laulamusical.cat\/es\/","name":"L&#039;Aula Musical","description":"Escola de m\u00fasica a Rub\u00ed","publisher":{"@id":"https:\/\/www.laulamusical.cat\/es\/#organization"},"potentialAction":[{"@type":"SearchAction","target":{"@type":"EntryPoint","urlTemplate":"https:\/\/www.laulamusical.cat\/es\/?s={search_term_string}"},"query-input":{"@type":"PropertyValueSpecification","valueRequired":true,"valueName":"search_term_string"}}],"inLanguage":"ca"},{"@type":"Organization","@id":"https:\/\/www.laulamusical.cat\/es\/#organization","name":"L'Aula Musical","url":"https:\/\/www.laulamusical.cat\/es\/","logo":{"@type":"ImageObject","inLanguage":"ca","@id":"https:\/\/www.laulamusical.cat\/es\/#\/schema\/logo\/image\/","url":"https:\/\/www.laulamusical.cat\/wp-content\/uploads\/2021\/08\/cropped-logo-cuadrado.jpg","contentUrl":"https:\/\/www.laulamusical.cat\/wp-content\/uploads\/2021\/08\/cropped-logo-cuadrado.jpg","width":512,"height":512,"caption":"L'Aula Musical"},"image":{"@id":"https:\/\/www.laulamusical.cat\/es\/#\/schema\/logo\/image\/"}}]}},"_links":{"self":[{"href":"https:\/\/www.laulamusical.cat\/ca\/wp-json\/wp\/v2\/pages\/4475","targetHints":{"allow":["GET"]}}],"collection":[{"href":"https:\/\/www.laulamusical.cat\/ca\/wp-json\/wp\/v2\/pages"}],"about":[{"href":"https:\/\/www.laulamusical.cat\/ca\/wp-json\/wp\/v2\/types\/page"}],"author":[{"embeddable":true,"href":"https:\/\/www.laulamusical.cat\/ca\/wp-json\/wp\/v2\/users\/7"}],"replies":[{"embeddable":true,"href":"https:\/\/www.laulamusical.cat\/ca\/wp-json\/wp\/v2\/comments?post=4475"}],"version-history":[{"count":0,"href":"https:\/\/www.laulamusical.cat\/ca\/wp-json\/wp\/v2\/pages\/4475\/revisions"}],"wp:attachment":[{"href":"https:\/\/www.laulamusical.cat\/ca\/wp-json\/wp\/v2\/media?parent=4475"}],"curies":[{"name":"wp","href":"https:\/\/api.w.org\/{rel}","templated":true}]}}