{"id":4485,"date":"2016-05-19T12:24:04","date_gmt":"2016-05-19T12:24:04","guid":{"rendered":"https:\/\/www.laulamusical.cat\/contacto\/"},"modified":"2021-11-08T13:19:24","modified_gmt":"2021-11-08T12:19:24","slug":"contacte","status":"publish","type":"page","link":"https:\/\/www.laulamusical.cat\/ca\/contacte\/","title":{"rendered":"Contacte"},"content":{"rendered":"","protected":false},"excerpt":{"rendered":"","protected":false},"author":7,"featured_media":0,"parent":0,"menu_order":0,"comment_status":"closed","ping_status":"closed","template":"","meta":{"_joinchat":[],"footnotes":""},"class_list":["post-4485","page","type-page","status-publish","hentry"],"yoast_head":"<!-- This site is optimized with the Yoast SEO plugin v24.9 - https:\/\/yoast.com\/wordpress\/plugins\/seo\/ -->\n<title>Contacta amb L&#039;Aula Musical<\/title>\n<meta name=\"description\" content=\"Contacta amb L&#039;Aula Musical | Tel\u00e8fon de contacte, adre\u00e7a, WhatsApp, correu electr\u00f2nic, formulari de contacte, mapa de localitzaci\u00f3...\" \/>\n<meta name=\"robots\" content=\"index, follow, max-snippet:-1, max-image-preview:large, max-video-preview:-1\" \/>\n<link rel=\"canonical\" href=\"https:\/\/www.laulamusical.cat\/ca\/contacte\/\" \/>\n<meta property=\"og:locale\" content=\"ca_ES\" \/>\n<meta property=\"og:type\" content=\"article\" \/>\n<meta property=\"og:title\" content=\"Contacta amb L&#039;Aula Musical\" \/>\n<meta property=\"og:description\" content=\"Contacta amb L&#039;Aula Musical | Tel\u00e8fon de contacte, adre\u00e7a, WhatsApp, correu electr\u00f2nic, formulari de contacte, mapa de localitzaci\u00f3...\" \/>\n<meta property=\"og:url\" content=\"https:\/\/www.laulamusical.cat\/ca\/contacte\/\" \/>\n<meta property=\"og:site_name\" content=\"L&#039;Aula Musical\" \/>\n<meta property=\"article:modified_time\" content=\"2021-11-08T12:19:24+00:00\" \/>\n<meta name=\"twitter:card\" content=\"summary_large_image\" \/>\n<script type=\"application\/ld+json\" class=\"yoast-schema-graph\">{\"@context\":\"https:\/\/schema.org\",\"@graph\":[{\"@type\":\"WebPage\",\"@id\":\"https:\/\/www.laulamusical.cat\/ca\/contacte\/\",\"url\":\"https:\/\/www.laulamusical.cat\/ca\/contacte\/\",\"name\":\"Contacta amb L'Aula Musical\",\"isPartOf\":{\"@id\":\"https:\/\/www.laulamusical.cat\/es\/#website\"},\"datePublished\":\"2016-05-19T12:24:04+00:00\",\"dateModified\":\"2021-11-08T12:19:24+00:00\",\"description\":\"Contacta amb L'Aula Musical | Tel\u00e8fon de contacte, adre\u00e7a, WhatsApp, correu electr\u00f2nic, formulari de contacte, mapa de localitzaci\u00f3...\",\"breadcrumb\":{\"@id\":\"https:\/\/www.laulamusical.cat\/ca\/contacte\/#breadcrumb\"},\"inLanguage\":\"ca\",\"potentialAction\":[{\"@type\":\"ReadAction\",\"target\":[\"https:\/\/www.laulamusical.cat\/ca\/contacte\/\"]}]},{\"@type\":\"BreadcrumbList\",\"@id\":\"https:\/\/www.laulamusical.cat\/ca\/contacte\/#breadcrumb\",\"itemListElement\":[{\"@type\":\"ListItem\",\"position\":1,\"name\":\"Portada\",\"item\":\"https:\/\/www.laulamusical.cat\/ca\/\"},{\"@type\":\"ListItem\",\"position\":2,\"name\":\"Contacte\"}]},{\"@type\":\"WebSite\",\"@id\":\"https:\/\/www.laulamusical.cat\/es\/#website\",\"url\":\"https:\/\/www.laulamusical.cat\/es\/\",\"name\":\"L&#039;Aula Musical\",\"description\":\"Escola de m\u00fasica a Rub\u00ed\",\"publisher\":{\"@id\":\"https:\/\/www.laulamusical.cat\/es\/#organization\"},\"potentialAction\":[{\"@type\":\"SearchAction\",\"target\":{\"@type\":\"EntryPoint\",\"urlTemplate\":\"https:\/\/www.laulamusical.cat\/es\/?s={search_term_string}\"},\"query-input\":{\"@type\":\"PropertyValueSpecification\",\"valueRequired\":true,\"valueName\":\"search_term_string\"}}],\"inLanguage\":\"ca\"},{\"@type\":\"Organization\",\"@id\":\"https:\/\/www.laulamusical.cat\/es\/#organization\",\"name\":\"L'Aula Musical\",\"url\":\"https:\/\/www.laulamusical.cat\/es\/\",\"logo\":{\"@type\":\"ImageObject\",\"inLanguage\":\"ca\",\"@id\":\"https:\/\/www.laulamusical.cat\/es\/#\/schema\/logo\/image\/\",\"url\":\"https:\/\/www.laulamusical.cat\/wp-content\/uploads\/2021\/08\/cropped-logo-cuadrado.jpg\",\"contentUrl\":\"https:\/\/www.laulamusical.cat\/wp-content\/uploads\/2021\/08\/cropped-logo-cuadrado.jpg\",\"width\":512,\"height\":512,\"caption\":\"L'Aula Musical\"},\"image\":{\"@id\":\"https:\/\/www.laulamusical.cat\/es\/#\/schema\/logo\/image\/\"}}]}<\/script>\n<!-- \/ Yoast SEO plugin. -->","yoast_head_json":{"title":"Contacta amb L'Aula Musical","description":"Contacta amb L'Aula Musical | Tel\u00e8fon de contacte, adre\u00e7a, WhatsApp, correu electr\u00f2nic, formulari de contacte, mapa de localitzaci\u00f3...","robots":{"index":"index","follow":"follow","max-snippet":"max-snippet:-1","max-image-preview":"max-image-preview:large","max-video-preview":"max-video-preview:-1"},"canonical":"https:\/\/www.laulamusical.cat\/ca\/contacte\/","og_locale":"ca_ES","og_type":"article","og_title":"Contacta amb L'Aula Musical","og_description":"Contacta amb L'Aula Musical | Tel\u00e8fon de contacte, adre\u00e7a, WhatsApp, correu electr\u00f2nic, formulari de contacte, mapa de localitzaci\u00f3...","og_url":"https:\/\/www.laulamusical.cat\/ca\/contacte\/","og_site_name":"L&#039;Aula Musical","article_modified_time":"2021-11-08T12:19:24+00:00","twitter_card":"summary_large_image","schema":{"@context":"https:\/\/schema.org","@graph":[{"@type":"WebPage","@id":"https:\/\/www.laulamusical.cat\/ca\/contacte\/","url":"https:\/\/www.laulamusical.cat\/ca\/contacte\/","name":"Contacta amb L'Aula Musical","isPartOf":{"@id":"https:\/\/www.laulamusical.cat\/es\/#website"},"datePublished":"2016-05-19T12:24:04+00:00","dateModified":"2021-11-08T12:19:24+00:00","description":"Contacta amb L'Aula Musical | Tel\u00e8fon de contacte, adre\u00e7a, WhatsApp, correu electr\u00f2nic, formulari de contacte, mapa de localitzaci\u00f3...","breadcrumb":{"@id":"https:\/\/www.laulamusical.cat\/ca\/contacte\/#breadcrumb"},"inLanguage":"ca","potentialAction":[{"@type":"ReadAction","target":["https:\/\/www.laulamusical.cat\/ca\/contacte\/"]}]},{"@type":"BreadcrumbList","@id":"https:\/\/www.laulamusical.cat\/ca\/contacte\/#breadcrumb","itemListElement":[{"@type":"ListItem","position":1,"name":"Portada","item":"https:\/\/www.laulamusical.cat\/ca\/"},{"@type":"ListItem","position":2,"name":"Contacte"}]},{"@type":"WebSite","@id":"https:\/\/www.laulamusical.cat\/es\/#website","url":"https:\/\/www.laulamusical.cat\/es\/","name":"L&#039;Aula Musical","description":"Escola de m\u00fasica a Rub\u00ed","publisher":{"@id":"https:\/\/www.laulamusical.cat\/es\/#organization"},"potentialAction":[{"@type":"SearchAction","target":{"@type":"EntryPoint","urlTemplate":"https:\/\/www.laulamusical.cat\/es\/?s={search_term_string}"},"query-input":{"@type":"PropertyValueSpecification","valueRequired":true,"valueName":"search_term_string"}}],"inLanguage":"ca"},{"@type":"Organization","@id":"https:\/\/www.laulamusical.cat\/es\/#organization","name":"L'Aula Musical","url":"https:\/\/www.laulamusical.cat\/es\/","logo":{"@type":"ImageObject","inLanguage":"ca","@id":"https:\/\/www.laulamusical.cat\/es\/#\/schema\/logo\/image\/","url":"https:\/\/www.laulamusical.cat\/wp-content\/uploads\/2021\/08\/cropped-logo-cuadrado.jpg","contentUrl":"https:\/\/www.laulamusical.cat\/wp-content\/uploads\/2021\/08\/cropped-logo-cuadrado.jpg","width":512,"height":512,"caption":"L'Aula Musical"},"image":{"@id":"https:\/\/www.laulamusical.cat\/es\/#\/schema\/logo\/image\/"}}]}},"_links":{"self":[{"href":"https:\/\/www.laulamusical.cat\/ca\/wp-json\/wp\/v2\/pages\/4485","targetHints":{"allow":["GET"]}}],"collection":[{"href":"https:\/\/www.laulamusical.cat\/ca\/wp-json\/wp\/v2\/pages"}],"about":[{"href":"https:\/\/www.laulamusical.cat\/ca\/wp-json\/wp\/v2\/types\/page"}],"author":[{"embeddable":true,"href":"https:\/\/www.laulamusical.cat\/ca\/wp-json\/wp\/v2\/users\/7"}],"replies":[{"embeddable":true,"href":"https:\/\/www.laulamusical.cat\/ca\/wp-json\/wp\/v2\/comments?post=4485"}],"version-history":[{"count":0,"href":"https:\/\/www.laulamusical.cat\/ca\/wp-json\/wp\/v2\/pages\/4485\/revisions"}],"wp:attachment":[{"href":"https:\/\/www.laulamusical.cat\/ca\/wp-json\/wp\/v2\/media?parent=4485"}],"curies":[{"name":"wp","href":"https:\/\/api.w.org\/{rel}","templated":true}]}}