{"id":4532,"date":"2021-08-12T11:35:11","date_gmt":"2021-08-12T09:35:11","guid":{"rendered":"https:\/\/www.laulamusical.cat\/clases-de-piano\/"},"modified":"2021-12-03T11:07:47","modified_gmt":"2021-12-03T10:07:47","slug":"classes-de-piano","status":"publish","type":"page","link":"https:\/\/www.laulamusical.cat\/ca\/classes-de-piano\/","title":{"rendered":"Piano"},"content":{"rendered":"","protected":false},"excerpt":{"rendered":"","protected":false},"author":7,"featured_media":0,"parent":0,"menu_order":0,"comment_status":"closed","ping_status":"closed","template":"","meta":{"_joinchat":[],"footnotes":""},"class_list":["post-4532","page","type-page","status-publish","hentry"],"yoast_head":"<!-- This site is optimized with the Yoast SEO plugin v24.9 - https:\/\/yoast.com\/wordpress\/plugins\/seo\/ -->\n<title>Classes de piano a Rub\u00ed per a totes les edats | L&#039;Aula Musical<\/title>\n<meta name=\"description\" content=\"Classes de piano a Rub\u00ed per a petits, nens, adolescents i adults | L&#039;Aula Musical | Apr\u00e8n piano a classes particulars al teu ritme.\" \/>\n<meta name=\"robots\" content=\"index, follow, max-snippet:-1, max-image-preview:large, max-video-preview:-1\" \/>\n<link rel=\"canonical\" href=\"https:\/\/www.laulamusical.cat\/ca\/classes-de-piano\/\" \/>\n<meta property=\"og:locale\" content=\"ca_ES\" \/>\n<meta property=\"og:type\" content=\"article\" \/>\n<meta property=\"og:title\" content=\"Classes de piano a Rub\u00ed per a totes les edats | L&#039;Aula Musical\" \/>\n<meta property=\"og:description\" content=\"Classes de piano a Rub\u00ed per a petits, nens, adolescents i adults | L&#039;Aula Musical | Apr\u00e8n piano a classes particulars al teu ritme.\" \/>\n<meta property=\"og:url\" content=\"https:\/\/www.laulamusical.cat\/ca\/classes-de-piano\/\" \/>\n<meta property=\"og:site_name\" content=\"L&#039;Aula Musical\" \/>\n<meta property=\"article:modified_time\" content=\"2021-12-03T10:07:47+00:00\" \/>\n<meta name=\"twitter:card\" content=\"summary_large_image\" \/>\n<script type=\"application\/ld+json\" class=\"yoast-schema-graph\">{\"@context\":\"https:\/\/schema.org\",\"@graph\":[{\"@type\":\"WebPage\",\"@id\":\"https:\/\/www.laulamusical.cat\/ca\/classes-de-piano\/\",\"url\":\"https:\/\/www.laulamusical.cat\/ca\/classes-de-piano\/\",\"name\":\"Classes de piano a Rub\u00ed per a totes les edats | L'Aula Musical\",\"isPartOf\":{\"@id\":\"https:\/\/www.laulamusical.cat\/es\/#website\"},\"datePublished\":\"2021-08-12T09:35:11+00:00\",\"dateModified\":\"2021-12-03T10:07:47+00:00\",\"description\":\"Classes de piano a Rub\u00ed per a petits, nens, adolescents i adults | L'Aula Musical | Apr\u00e8n piano a classes particulars al teu ritme.\",\"breadcrumb\":{\"@id\":\"https:\/\/www.laulamusical.cat\/ca\/classes-de-piano\/#breadcrumb\"},\"inLanguage\":\"ca\",\"potentialAction\":[{\"@type\":\"ReadAction\",\"target\":[\"https:\/\/www.laulamusical.cat\/ca\/classes-de-piano\/\"]}]},{\"@type\":\"BreadcrumbList\",\"@id\":\"https:\/\/www.laulamusical.cat\/ca\/classes-de-piano\/#breadcrumb\",\"itemListElement\":[{\"@type\":\"ListItem\",\"position\":1,\"name\":\"Portada\",\"item\":\"https:\/\/www.laulamusical.cat\/ca\/\"},{\"@type\":\"ListItem\",\"position\":2,\"name\":\"Piano\"}]},{\"@type\":\"WebSite\",\"@id\":\"https:\/\/www.laulamusical.cat\/es\/#website\",\"url\":\"https:\/\/www.laulamusical.cat\/es\/\",\"name\":\"L&#039;Aula Musical\",\"description\":\"Escola de m\u00fasica a Rub\u00ed\",\"publisher\":{\"@id\":\"https:\/\/www.laulamusical.cat\/es\/#organization\"},\"potentialAction\":[{\"@type\":\"SearchAction\",\"target\":{\"@type\":\"EntryPoint\",\"urlTemplate\":\"https:\/\/www.laulamusical.cat\/es\/?s={search_term_string}\"},\"query-input\":{\"@type\":\"PropertyValueSpecification\",\"valueRequired\":true,\"valueName\":\"search_term_string\"}}],\"inLanguage\":\"ca\"},{\"@type\":\"Organization\",\"@id\":\"https:\/\/www.laulamusical.cat\/es\/#organization\",\"name\":\"L'Aula Musical\",\"url\":\"https:\/\/www.laulamusical.cat\/es\/\",\"logo\":{\"@type\":\"ImageObject\",\"inLanguage\":\"ca\",\"@id\":\"https:\/\/www.laulamusical.cat\/es\/#\/schema\/logo\/image\/\",\"url\":\"https:\/\/www.laulamusical.cat\/wp-content\/uploads\/2021\/08\/cropped-logo-cuadrado.jpg\",\"contentUrl\":\"https:\/\/www.laulamusical.cat\/wp-content\/uploads\/2021\/08\/cropped-logo-cuadrado.jpg\",\"width\":512,\"height\":512,\"caption\":\"L'Aula Musical\"},\"image\":{\"@id\":\"https:\/\/www.laulamusical.cat\/es\/#\/schema\/logo\/image\/\"}}]}<\/script>\n<!-- \/ Yoast SEO plugin. -->","yoast_head_json":{"title":"Classes de piano a Rub\u00ed per a totes les edats | L'Aula Musical","description":"Classes de piano a Rub\u00ed per a petits, nens, adolescents i adults | L'Aula Musical | Apr\u00e8n piano a classes particulars al teu ritme.","robots":{"index":"index","follow":"follow","max-snippet":"max-snippet:-1","max-image-preview":"max-image-preview:large","max-video-preview":"max-video-preview:-1"},"canonical":"https:\/\/www.laulamusical.cat\/ca\/classes-de-piano\/","og_locale":"ca_ES","og_type":"article","og_title":"Classes de piano a Rub\u00ed per a totes les edats | L'Aula Musical","og_description":"Classes de piano a Rub\u00ed per a petits, nens, adolescents i adults | L'Aula Musical | Apr\u00e8n piano a classes particulars al teu ritme.","og_url":"https:\/\/www.laulamusical.cat\/ca\/classes-de-piano\/","og_site_name":"L&#039;Aula Musical","article_modified_time":"2021-12-03T10:07:47+00:00","twitter_card":"summary_large_image","schema":{"@context":"https:\/\/schema.org","@graph":[{"@type":"WebPage","@id":"https:\/\/www.laulamusical.cat\/ca\/classes-de-piano\/","url":"https:\/\/www.laulamusical.cat\/ca\/classes-de-piano\/","name":"Classes de piano a Rub\u00ed per a totes les edats | L'Aula Musical","isPartOf":{"@id":"https:\/\/www.laulamusical.cat\/es\/#website"},"datePublished":"2021-08-12T09:35:11+00:00","dateModified":"2021-12-03T10:07:47+00:00","description":"Classes de piano a Rub\u00ed per a petits, nens, adolescents i adults | L'Aula Musical | Apr\u00e8n piano a classes particulars al teu ritme.","breadcrumb":{"@id":"https:\/\/www.laulamusical.cat\/ca\/classes-de-piano\/#breadcrumb"},"inLanguage":"ca","potentialAction":[{"@type":"ReadAction","target":["https:\/\/www.laulamusical.cat\/ca\/classes-de-piano\/"]}]},{"@type":"BreadcrumbList","@id":"https:\/\/www.laulamusical.cat\/ca\/classes-de-piano\/#breadcrumb","itemListElement":[{"@type":"ListItem","position":1,"name":"Portada","item":"https:\/\/www.laulamusical.cat\/ca\/"},{"@type":"ListItem","position":2,"name":"Piano"}]},{"@type":"WebSite","@id":"https:\/\/www.laulamusical.cat\/es\/#website","url":"https:\/\/www.laulamusical.cat\/es\/","name":"L&#039;Aula Musical","description":"Escola de m\u00fasica a Rub\u00ed","publisher":{"@id":"https:\/\/www.laulamusical.cat\/es\/#organization"},"potentialAction":[{"@type":"SearchAction","target":{"@type":"EntryPoint","urlTemplate":"https:\/\/www.laulamusical.cat\/es\/?s={search_term_string}"},"query-input":{"@type":"PropertyValueSpecification","valueRequired":true,"valueName":"search_term_string"}}],"inLanguage":"ca"},{"@type":"Organization","@id":"https:\/\/www.laulamusical.cat\/es\/#organization","name":"L'Aula Musical","url":"https:\/\/www.laulamusical.cat\/es\/","logo":{"@type":"ImageObject","inLanguage":"ca","@id":"https:\/\/www.laulamusical.cat\/es\/#\/schema\/logo\/image\/","url":"https:\/\/www.laulamusical.cat\/wp-content\/uploads\/2021\/08\/cropped-logo-cuadrado.jpg","contentUrl":"https:\/\/www.laulamusical.cat\/wp-content\/uploads\/2021\/08\/cropped-logo-cuadrado.jpg","width":512,"height":512,"caption":"L'Aula Musical"},"image":{"@id":"https:\/\/www.laulamusical.cat\/es\/#\/schema\/logo\/image\/"}}]}},"_links":{"self":[{"href":"https:\/\/www.laulamusical.cat\/ca\/wp-json\/wp\/v2\/pages\/4532","targetHints":{"allow":["GET"]}}],"collection":[{"href":"https:\/\/www.laulamusical.cat\/ca\/wp-json\/wp\/v2\/pages"}],"about":[{"href":"https:\/\/www.laulamusical.cat\/ca\/wp-json\/wp\/v2\/types\/page"}],"author":[{"embeddable":true,"href":"https:\/\/www.laulamusical.cat\/ca\/wp-json\/wp\/v2\/users\/7"}],"replies":[{"embeddable":true,"href":"https:\/\/www.laulamusical.cat\/ca\/wp-json\/wp\/v2\/comments?post=4532"}],"version-history":[{"count":0,"href":"https:\/\/www.laulamusical.cat\/ca\/wp-json\/wp\/v2\/pages\/4532\/revisions"}],"wp:attachment":[{"href":"https:\/\/www.laulamusical.cat\/ca\/wp-json\/wp\/v2\/media?parent=4532"}],"curies":[{"name":"wp","href":"https:\/\/api.w.org\/{rel}","templated":true}]}}