{"id":2519,"date":"2020-07-10T11:43:16","date_gmt":"2020-07-10T09:43:16","guid":{"rendered":"https:\/\/www.laulamusical.cat\/?page_id=2519"},"modified":"2022-01-31T10:35:52","modified_gmt":"2022-01-31T09:35:52","slug":"aviso-legal","status":"publish","type":"page","link":"https:\/\/www.laulamusical.cat\/es\/aviso-legal\/","title":{"rendered":"Aviso legal"},"content":{"rendered":"<p><strong>OBJETO:<\/strong><\/p>\n<p>La presente p\u00e1gina Web ha sido dise\u00f1ada para dar a conocer y permitir el acceso al p\u00fablico a la informaci\u00f3n relativa a los contenidos y actividades de NATALIYA KUZNETSOVA, DNI X6317647F, direcci\u00f3n Carrer de Sant Cugat 6 de Rub\u00ed; con correo electr\u00f3nico de contacto laaulamusical@gmail.com. Adem\u00e1s, se posibilita el acceso a otras informaciones, productos y servicios de entidades diferentes a la de NATALIYA KUZNETSOVA, as\u00ed como aquellas que devienen accesibles a trav\u00e9s de los \u00ablinks\u00bb (enlaces) y conexiones existentes. NATALIYA KUZNETSOVA se reserva el derecho de modificar la presente pol\u00edtica a su discreci\u00f3n.<\/p>\n<p><strong>PROPIEDAD INTELECTUAL E INDUSTRIAL:<\/strong><\/p>\n<p>Los derechos de propiedad intelectual de la p\u00e1gina de NATALIYA KUZNETSOVA, su c\u00f3digo fuente, dise\u00f1o, estructuras de navegaci\u00f3n, bases de datos y los diferentes elementos en ella contenidos son titularidad de NATALIYA KUZNETSOVA, a quien corresponde el ejercicio exclusivo de los derechos de explotaci\u00f3n de los mismos en cualquier forma y, especialmente, los derechos de reproducci\u00f3n, distribuci\u00f3n, comunicaci\u00f3n p\u00fablica y transformaci\u00f3n, de acuerdo con la legislaci\u00f3n espa\u00f1ola y de la Uni\u00f3n Europea aplicable.<\/p>\n<p>Respecto a las eventuales citas de productos y servicios de terceros, NATALIYA KUZNETSOVA reconoce a favor de sus titulares los correspondientes derechos de propiedad industrial e intelectual, no implicando su sola menci\u00f3n o aparici\u00f3n en la web la existencia de derechos o responsabilidad de NATALIYA KUZNETSOVA sobre los mismos, como tampoco apoyo, patrocinio, o recomendaci\u00f3n por parte de NATALIYA KUZNETSOVA, salvo que se manifieste de forma expresa.<\/p>\n<p><strong>CONTENIDOS:<\/strong><\/p>\n<p>Todos los contenidos facilitados en este Web han sido elaborados con informaci\u00f3n procedente tanto de fuentes internas de NATALIYA KUZNETSOVA, como de fuentes externas a la propia entidad, motivo por el cual NATALIYA KUZNETSOVA no se hace responsable de la posible carencia de actualizaci\u00f3n o inexactitud de la informaci\u00f3n perteneciente a estas fuentes externas, respondiendo \u00fanicamente por aquellos contenidos provenientes directamente de sus fuentes internas y debidamente identificados con su Copyright. Por eso, antes de tomar ninguna decisi\u00f3n o realizar ninguna acci\u00f3n, NATALIYA KUZNETSOVA recomienda al usuario la comprobaci\u00f3n de la informaci\u00f3n recibida con otra fuente.<\/p>\n<p>Se facilita a trav\u00e9s de este Web informaci\u00f3n sobre servicios destinados al conocimiento p\u00fablico que, en todo caso, se sujetar\u00e1n a los t\u00e9rminos y condiciones expresamente detallados en cada momento y que son accesibles desde esta p\u00e1gina Web, los cuales se sujetar\u00e1n a las diferentes disposiciones legales de aplicaci\u00f3n.<\/p>\n<p><strong>ACCESO Y USO:<\/strong><\/p>\n<p>Tanto el acceso a esta p\u00e1gina Web, como el uso que pueda hacerse de la informaci\u00f3n y contenidos incluidos en la misma, ser\u00e1 de la exclusiva responsabilidad de quien lo realice.<\/p>\n<p>Las condiciones de acceso a esta Web estar\u00e1n supeditadas a la legalidad vigente y los principios de la buena fe y uso l\u00edcito por parte del usuario de la misma, quedando prohibido a todos los efectos cualquier tipo de actuaci\u00f3n en perjuicio de NATALIYA KUZNETSOVA o de terceros.<\/p>\n<p>Se considerar\u00e1 terminantemente prohibido el uso de la presente p\u00e1gina Web con finalidades ilegales o no autorizadas.<\/p>\n<p><strong>RESPONSABILIDAD:<\/strong><\/p>\n<p>NATALIYA KUZNETSOVA no se hace responsable por ning\u00fan tipo de da\u00f1o que pudieran ocasionar los usuarios a la presente p\u00e1gina Web, o a cualquier otra, por el uso ilegal o indebido de la misma, o de los contenidos e informaciones accesibles o facilitadas a trav\u00e9s de ella.<\/p>\n<p>SERVICIO:<\/p>\n<p>NATALIYA KUZNETSOVA se reserva el derecho de suspender el acceso a su p\u00e1gina Web, sin previo aviso, de forma discrecional y temporal, por razones t\u00e9cnicas o de cualquier otra \u00edndole, pudiendo asimismo modificar unilateralmente tanto las condiciones de acceso, como la totalidad o parte de los contenidos en ella incluidos.<\/p>\n","protected":false},"excerpt":{"rendered":"<p>OBJETO: La presente p\u00e1gina Web ha sido dise\u00f1ada para dar a conocer y permitir el acceso al p\u00fablico a la informaci\u00f3n relativa a los contenidos y actividades de NATALIYA KUZNETSOVA, DNI X6317647F, direcci\u00f3n Carrer de Sant Cugat 6 de Rub\u00ed; con correo electr\u00f3nico de contacto laaulamusical@gmail.com. Adem\u00e1s, se posibilita el acceso a otras informaciones, productos [&hellip;]<\/p>\n","protected":false},"author":7,"featured_media":0,"parent":0,"menu_order":0,"comment_status":"closed","ping_status":"closed","template":"","meta":{"_joinchat":[],"footnotes":""},"class_list":["post-2519","page","type-page","status-publish","hentry"],"yoast_head":"<!-- This site is optimized with the Yoast SEO plugin v24.9 - https:\/\/yoast.com\/wordpress\/plugins\/seo\/ -->\n<title>Aviso legal | L&#039;Aula Musical<\/title>\n<meta name=\"robots\" content=\"noindex, nofollow\" \/>\n<meta property=\"og:locale\" content=\"es_ES\" \/>\n<meta property=\"og:type\" content=\"article\" \/>\n<meta property=\"og:title\" content=\"Aviso legal | L&#039;Aula Musical\" \/>\n<meta property=\"og:description\" content=\"OBJETO: La presente p\u00e1gina Web ha sido dise\u00f1ada para dar a conocer y permitir el acceso al p\u00fablico a la informaci\u00f3n relativa a los contenidos y actividades de NATALIYA KUZNETSOVA, DNI X6317647F, direcci\u00f3n Carrer de Sant Cugat 6 de Rub\u00ed; con correo electr\u00f3nico de contacto laaulamusical@gmail.com. Adem\u00e1s, se posibilita el acceso a otras informaciones, productos [&hellip;]\" \/>\n<meta property=\"og:url\" content=\"https:\/\/www.laulamusical.cat\/ca\/avis-legal\/\" \/>\n<meta property=\"og:site_name\" content=\"L&#039;Aula Musical\" \/>\n<meta property=\"article:modified_time\" content=\"2022-01-31T09:35:52+00:00\" \/>\n<meta name=\"twitter:card\" content=\"summary_large_image\" \/>\n<meta name=\"twitter:label1\" content=\"Tiempo de lectura\" \/>\n\t<meta name=\"twitter:data1\" content=\"3 minutos\" \/>\n<script type=\"application\/ld+json\" class=\"yoast-schema-graph\">{\"@context\":\"https:\/\/schema.org\",\"@graph\":[{\"@type\":\"WebPage\",\"@id\":\"https:\/\/www.laulamusical.cat\/ca\/avis-legal\/\",\"url\":\"https:\/\/www.laulamusical.cat\/ca\/avis-legal\/\",\"name\":\"Aviso legal | L&#039;Aula Musical\",\"isPartOf\":{\"@id\":\"https:\/\/www.laulamusical.cat\/es\/#website\"},\"datePublished\":\"2020-07-10T09:43:16+00:00\",\"dateModified\":\"2022-01-31T09:35:52+00:00\",\"breadcrumb\":{\"@id\":\"https:\/\/www.laulamusical.cat\/ca\/avis-legal\/#breadcrumb\"},\"inLanguage\":\"es\",\"potentialAction\":[{\"@type\":\"ReadAction\",\"target\":[\"https:\/\/www.laulamusical.cat\/ca\/avis-legal\/\"]}]},{\"@type\":\"BreadcrumbList\",\"@id\":\"https:\/\/www.laulamusical.cat\/ca\/avis-legal\/#breadcrumb\",\"itemListElement\":[{\"@type\":\"ListItem\",\"position\":1,\"name\":\"Portada\",\"item\":\"https:\/\/www.laulamusical.cat\/es\/\"},{\"@type\":\"ListItem\",\"position\":2,\"name\":\"Aviso legal\"}]},{\"@type\":\"WebSite\",\"@id\":\"https:\/\/www.laulamusical.cat\/es\/#website\",\"url\":\"https:\/\/www.laulamusical.cat\/es\/\",\"name\":\"L&#039;Aula Musical\",\"description\":\"Escuela de m\u00fasica en Rub\u00ed\",\"publisher\":{\"@id\":\"https:\/\/www.laulamusical.cat\/es\/#organization\"},\"potentialAction\":[{\"@type\":\"SearchAction\",\"target\":{\"@type\":\"EntryPoint\",\"urlTemplate\":\"https:\/\/www.laulamusical.cat\/es\/?s={search_term_string}\"},\"query-input\":{\"@type\":\"PropertyValueSpecification\",\"valueRequired\":true,\"valueName\":\"search_term_string\"}}],\"inLanguage\":\"es\"},{\"@type\":\"Organization\",\"@id\":\"https:\/\/www.laulamusical.cat\/es\/#organization\",\"name\":\"L'Aula Musical\",\"url\":\"https:\/\/www.laulamusical.cat\/es\/\",\"logo\":{\"@type\":\"ImageObject\",\"inLanguage\":\"es\",\"@id\":\"https:\/\/www.laulamusical.cat\/es\/#\/schema\/logo\/image\/\",\"url\":\"https:\/\/www.laulamusical.cat\/wp-content\/uploads\/2021\/08\/cropped-logo-cuadrado.jpg\",\"contentUrl\":\"https:\/\/www.laulamusical.cat\/wp-content\/uploads\/2021\/08\/cropped-logo-cuadrado.jpg\",\"width\":512,\"height\":512,\"caption\":\"L'Aula Musical\"},\"image\":{\"@id\":\"https:\/\/www.laulamusical.cat\/es\/#\/schema\/logo\/image\/\"}}]}<\/script>\n<!-- \/ Yoast SEO plugin. -->","yoast_head_json":{"title":"Aviso legal | L&#039;Aula Musical","robots":{"index":"noindex","follow":"nofollow"},"og_locale":"es_ES","og_type":"article","og_title":"Aviso legal | L&#039;Aula Musical","og_description":"OBJETO: La presente p\u00e1gina Web ha sido dise\u00f1ada para dar a conocer y permitir el acceso al p\u00fablico a la informaci\u00f3n relativa a los contenidos y actividades de NATALIYA KUZNETSOVA, DNI X6317647F, direcci\u00f3n Carrer de Sant Cugat 6 de Rub\u00ed; con correo electr\u00f3nico de contacto laaulamusical@gmail.com. Adem\u00e1s, se posibilita el acceso a otras informaciones, productos [&hellip;]","og_url":"https:\/\/www.laulamusical.cat\/ca\/avis-legal\/","og_site_name":"L&#039;Aula Musical","article_modified_time":"2022-01-31T09:35:52+00:00","twitter_card":"summary_large_image","twitter_misc":{"Tiempo de lectura":"3 minutos"},"schema":{"@context":"https:\/\/schema.org","@graph":[{"@type":"WebPage","@id":"https:\/\/www.laulamusical.cat\/ca\/avis-legal\/","url":"https:\/\/www.laulamusical.cat\/ca\/avis-legal\/","name":"Aviso legal | L&#039;Aula Musical","isPartOf":{"@id":"https:\/\/www.laulamusical.cat\/es\/#website"},"datePublished":"2020-07-10T09:43:16+00:00","dateModified":"2022-01-31T09:35:52+00:00","breadcrumb":{"@id":"https:\/\/www.laulamusical.cat\/ca\/avis-legal\/#breadcrumb"},"inLanguage":"es","potentialAction":[{"@type":"ReadAction","target":["https:\/\/www.laulamusical.cat\/ca\/avis-legal\/"]}]},{"@type":"BreadcrumbList","@id":"https:\/\/www.laulamusical.cat\/ca\/avis-legal\/#breadcrumb","itemListElement":[{"@type":"ListItem","position":1,"name":"Portada","item":"https:\/\/www.laulamusical.cat\/es\/"},{"@type":"ListItem","position":2,"name":"Aviso legal"}]},{"@type":"WebSite","@id":"https:\/\/www.laulamusical.cat\/es\/#website","url":"https:\/\/www.laulamusical.cat\/es\/","name":"L&#039;Aula Musical","description":"Escuela de m\u00fasica en Rub\u00ed","publisher":{"@id":"https:\/\/www.laulamusical.cat\/es\/#organization"},"potentialAction":[{"@type":"SearchAction","target":{"@type":"EntryPoint","urlTemplate":"https:\/\/www.laulamusical.cat\/es\/?s={search_term_string}"},"query-input":{"@type":"PropertyValueSpecification","valueRequired":true,"valueName":"search_term_string"}}],"inLanguage":"es"},{"@type":"Organization","@id":"https:\/\/www.laulamusical.cat\/es\/#organization","name":"L'Aula Musical","url":"https:\/\/www.laulamusical.cat\/es\/","logo":{"@type":"ImageObject","inLanguage":"es","@id":"https:\/\/www.laulamusical.cat\/es\/#\/schema\/logo\/image\/","url":"https:\/\/www.laulamusical.cat\/wp-content\/uploads\/2021\/08\/cropped-logo-cuadrado.jpg","contentUrl":"https:\/\/www.laulamusical.cat\/wp-content\/uploads\/2021\/08\/cropped-logo-cuadrado.jpg","width":512,"height":512,"caption":"L'Aula Musical"},"image":{"@id":"https:\/\/www.laulamusical.cat\/es\/#\/schema\/logo\/image\/"}}]}},"_links":{"self":[{"href":"https:\/\/www.laulamusical.cat\/es\/wp-json\/wp\/v2\/pages\/2519","targetHints":{"allow":["GET"]}}],"collection":[{"href":"https:\/\/www.laulamusical.cat\/es\/wp-json\/wp\/v2\/pages"}],"about":[{"href":"https:\/\/www.laulamusical.cat\/es\/wp-json\/wp\/v2\/types\/page"}],"author":[{"embeddable":true,"href":"https:\/\/www.laulamusical.cat\/es\/wp-json\/wp\/v2\/users\/7"}],"replies":[{"embeddable":true,"href":"https:\/\/www.laulamusical.cat\/es\/wp-json\/wp\/v2\/comments?post=2519"}],"version-history":[{"count":0,"href":"https:\/\/www.laulamusical.cat\/es\/wp-json\/wp\/v2\/pages\/2519\/revisions"}],"wp:attachment":[{"href":"https:\/\/www.laulamusical.cat\/es\/wp-json\/wp\/v2\/media?parent=2519"}],"curies":[{"name":"wp","href":"https:\/\/api.w.org\/{rel}","templated":true}]}}