{"id":4082,"date":"2021-08-12T11:35:11","date_gmt":"2021-08-12T09:35:11","guid":{"rendered":"https:\/\/www.laulamusical.cat\/clases-de-violin-copy\/"},"modified":"2021-08-27T11:45:29","modified_gmt":"2021-08-27T09:45:29","slug":"clases-de-piano","status":"publish","type":"page","link":"https:\/\/www.laulamusical.cat\/es\/clases-de-piano\/","title":{"rendered":"Piano"},"content":{"rendered":"","protected":false},"excerpt":{"rendered":"","protected":false},"author":7,"featured_media":0,"parent":0,"menu_order":0,"comment_status":"closed","ping_status":"closed","template":"","meta":{"_joinchat":[],"footnotes":""},"class_list":["post-4082","page","type-page","status-publish","hentry"],"yoast_head":"<!-- This site is optimized with the Yoast SEO plugin v24.9 - https:\/\/yoast.com\/wordpress\/plugins\/seo\/ -->\n<title>Clases de piano en Rub\u00ed para todas las edades | L&#039;Aula Musical<\/title>\n<meta name=\"description\" content=\"Clases de piano en Rub\u00ed para peques, ni\u00f1os, adolescentes y adultos | L&#039;Aula Musical | Aprende piano en clases particulares a tu ritmo.\" \/>\n<meta name=\"robots\" content=\"index, follow, max-snippet:-1, max-image-preview:large, max-video-preview:-1\" \/>\n<link rel=\"canonical\" href=\"https:\/\/www.laulamusical.cat\/ca\/classes-de-piano\/\" \/>\n<meta property=\"og:locale\" content=\"es_ES\" \/>\n<meta property=\"og:type\" content=\"article\" \/>\n<meta property=\"og:title\" content=\"Clases de piano en Rub\u00ed para todas las edades | L&#039;Aula Musical\" \/>\n<meta property=\"og:description\" content=\"Clases de piano en Rub\u00ed para peques, ni\u00f1os, adolescentes y adultos | L&#039;Aula Musical | Aprende piano en clases particulares a tu ritmo.\" \/>\n<meta property=\"og:url\" content=\"https:\/\/www.laulamusical.cat\/ca\/classes-de-piano\/\" \/>\n<meta property=\"og:site_name\" content=\"L&#039;Aula Musical\" \/>\n<meta property=\"article:modified_time\" content=\"2021-08-27T09:45:29+00:00\" \/>\n<meta name=\"twitter:card\" content=\"summary_large_image\" \/>\n<script type=\"application\/ld+json\" class=\"yoast-schema-graph\">{\"@context\":\"https:\/\/schema.org\",\"@graph\":[{\"@type\":\"WebPage\",\"@id\":\"https:\/\/www.laulamusical.cat\/ca\/classes-de-piano\/\",\"url\":\"https:\/\/www.laulamusical.cat\/ca\/classes-de-piano\/\",\"name\":\"Clases de piano en Rub\u00ed para todas las edades | L'Aula Musical\",\"isPartOf\":{\"@id\":\"https:\/\/www.laulamusical.cat\/es\/#website\"},\"datePublished\":\"2021-08-12T09:35:11+00:00\",\"dateModified\":\"2021-08-27T09:45:29+00:00\",\"description\":\"Clases de piano en Rub\u00ed para peques, ni\u00f1os, adolescentes y adultos | L'Aula Musical | Aprende piano en clases particulares a tu ritmo.\",\"breadcrumb\":{\"@id\":\"https:\/\/www.laulamusical.cat\/ca\/classes-de-piano\/#breadcrumb\"},\"inLanguage\":\"es\",\"potentialAction\":[{\"@type\":\"ReadAction\",\"target\":[\"https:\/\/www.laulamusical.cat\/ca\/classes-de-piano\/\"]}]},{\"@type\":\"BreadcrumbList\",\"@id\":\"https:\/\/www.laulamusical.cat\/ca\/classes-de-piano\/#breadcrumb\",\"itemListElement\":[{\"@type\":\"ListItem\",\"position\":1,\"name\":\"Portada\",\"item\":\"https:\/\/www.laulamusical.cat\/es\/\"},{\"@type\":\"ListItem\",\"position\":2,\"name\":\"Piano\"}]},{\"@type\":\"WebSite\",\"@id\":\"https:\/\/www.laulamusical.cat\/es\/#website\",\"url\":\"https:\/\/www.laulamusical.cat\/es\/\",\"name\":\"L&#039;Aula Musical\",\"description\":\"Escuela de m\u00fasica en Rub\u00ed\",\"publisher\":{\"@id\":\"https:\/\/www.laulamusical.cat\/es\/#organization\"},\"potentialAction\":[{\"@type\":\"SearchAction\",\"target\":{\"@type\":\"EntryPoint\",\"urlTemplate\":\"https:\/\/www.laulamusical.cat\/es\/?s={search_term_string}\"},\"query-input\":{\"@type\":\"PropertyValueSpecification\",\"valueRequired\":true,\"valueName\":\"search_term_string\"}}],\"inLanguage\":\"es\"},{\"@type\":\"Organization\",\"@id\":\"https:\/\/www.laulamusical.cat\/es\/#organization\",\"name\":\"L'Aula Musical\",\"url\":\"https:\/\/www.laulamusical.cat\/es\/\",\"logo\":{\"@type\":\"ImageObject\",\"inLanguage\":\"es\",\"@id\":\"https:\/\/www.laulamusical.cat\/es\/#\/schema\/logo\/image\/\",\"url\":\"https:\/\/www.laulamusical.cat\/wp-content\/uploads\/2021\/08\/cropped-logo-cuadrado.jpg\",\"contentUrl\":\"https:\/\/www.laulamusical.cat\/wp-content\/uploads\/2021\/08\/cropped-logo-cuadrado.jpg\",\"width\":512,\"height\":512,\"caption\":\"L'Aula Musical\"},\"image\":{\"@id\":\"https:\/\/www.laulamusical.cat\/es\/#\/schema\/logo\/image\/\"}}]}<\/script>\n<!-- \/ Yoast SEO plugin. -->","yoast_head_json":{"title":"Clases de piano en Rub\u00ed para todas las edades | L'Aula Musical","description":"Clases de piano en Rub\u00ed para peques, ni\u00f1os, adolescentes y adultos | L'Aula Musical | Aprende piano en clases particulares a tu ritmo.","robots":{"index":"index","follow":"follow","max-snippet":"max-snippet:-1","max-image-preview":"max-image-preview:large","max-video-preview":"max-video-preview:-1"},"canonical":"https:\/\/www.laulamusical.cat\/ca\/classes-de-piano\/","og_locale":"es_ES","og_type":"article","og_title":"Clases de piano en Rub\u00ed para todas las edades | L'Aula Musical","og_description":"Clases de piano en Rub\u00ed para peques, ni\u00f1os, adolescentes y adultos | L'Aula Musical | Aprende piano en clases particulares a tu ritmo.","og_url":"https:\/\/www.laulamusical.cat\/ca\/classes-de-piano\/","og_site_name":"L&#039;Aula Musical","article_modified_time":"2021-08-27T09:45:29+00:00","twitter_card":"summary_large_image","schema":{"@context":"https:\/\/schema.org","@graph":[{"@type":"WebPage","@id":"https:\/\/www.laulamusical.cat\/ca\/classes-de-piano\/","url":"https:\/\/www.laulamusical.cat\/ca\/classes-de-piano\/","name":"Clases de piano en Rub\u00ed para todas las edades | L'Aula Musical","isPartOf":{"@id":"https:\/\/www.laulamusical.cat\/es\/#website"},"datePublished":"2021-08-12T09:35:11+00:00","dateModified":"2021-08-27T09:45:29+00:00","description":"Clases de piano en Rub\u00ed para peques, ni\u00f1os, adolescentes y adultos | L'Aula Musical | Aprende piano en clases particulares a tu ritmo.","breadcrumb":{"@id":"https:\/\/www.laulamusical.cat\/ca\/classes-de-piano\/#breadcrumb"},"inLanguage":"es","potentialAction":[{"@type":"ReadAction","target":["https:\/\/www.laulamusical.cat\/ca\/classes-de-piano\/"]}]},{"@type":"BreadcrumbList","@id":"https:\/\/www.laulamusical.cat\/ca\/classes-de-piano\/#breadcrumb","itemListElement":[{"@type":"ListItem","position":1,"name":"Portada","item":"https:\/\/www.laulamusical.cat\/es\/"},{"@type":"ListItem","position":2,"name":"Piano"}]},{"@type":"WebSite","@id":"https:\/\/www.laulamusical.cat\/es\/#website","url":"https:\/\/www.laulamusical.cat\/es\/","name":"L&#039;Aula Musical","description":"Escuela de m\u00fasica en Rub\u00ed","publisher":{"@id":"https:\/\/www.laulamusical.cat\/es\/#organization"},"potentialAction":[{"@type":"SearchAction","target":{"@type":"EntryPoint","urlTemplate":"https:\/\/www.laulamusical.cat\/es\/?s={search_term_string}"},"query-input":{"@type":"PropertyValueSpecification","valueRequired":true,"valueName":"search_term_string"}}],"inLanguage":"es"},{"@type":"Organization","@id":"https:\/\/www.laulamusical.cat\/es\/#organization","name":"L'Aula Musical","url":"https:\/\/www.laulamusical.cat\/es\/","logo":{"@type":"ImageObject","inLanguage":"es","@id":"https:\/\/www.laulamusical.cat\/es\/#\/schema\/logo\/image\/","url":"https:\/\/www.laulamusical.cat\/wp-content\/uploads\/2021\/08\/cropped-logo-cuadrado.jpg","contentUrl":"https:\/\/www.laulamusical.cat\/wp-content\/uploads\/2021\/08\/cropped-logo-cuadrado.jpg","width":512,"height":512,"caption":"L'Aula Musical"},"image":{"@id":"https:\/\/www.laulamusical.cat\/es\/#\/schema\/logo\/image\/"}}]}},"_links":{"self":[{"href":"https:\/\/www.laulamusical.cat\/es\/wp-json\/wp\/v2\/pages\/4082","targetHints":{"allow":["GET"]}}],"collection":[{"href":"https:\/\/www.laulamusical.cat\/es\/wp-json\/wp\/v2\/pages"}],"about":[{"href":"https:\/\/www.laulamusical.cat\/es\/wp-json\/wp\/v2\/types\/page"}],"author":[{"embeddable":true,"href":"https:\/\/www.laulamusical.cat\/es\/wp-json\/wp\/v2\/users\/7"}],"replies":[{"embeddable":true,"href":"https:\/\/www.laulamusical.cat\/es\/wp-json\/wp\/v2\/comments?post=4082"}],"version-history":[{"count":0,"href":"https:\/\/www.laulamusical.cat\/es\/wp-json\/wp\/v2\/pages\/4082\/revisions"}],"wp:attachment":[{"href":"https:\/\/www.laulamusical.cat\/es\/wp-json\/wp\/v2\/media?parent=4082"}],"curies":[{"name":"wp","href":"https:\/\/api.w.org\/{rel}","templated":true}]}}