{"id":5248,"date":"2024-04-21T11:49:46","date_gmt":"2024-04-21T09:49:46","guid":{"rendered":"https:\/\/www.laulamusical.cat\/peques-copy\/"},"modified":"2024-04-21T12:16:22","modified_gmt":"2024-04-21T10:16:22","slug":"iniciacion","status":"publish","type":"page","link":"https:\/\/www.laulamusical.cat\/es\/iniciacion\/","title":{"rendered":"Iniciaci\u00f3n musical"},"content":{"rendered":"","protected":false},"excerpt":{"rendered":"","protected":false},"author":9,"featured_media":0,"parent":0,"menu_order":0,"comment_status":"closed","ping_status":"closed","template":"","meta":{"_joinchat":[],"footnotes":""},"class_list":["post-5248","page","type-page","status-publish","hentry"],"yoast_head":"<!-- This site is optimized with the Yoast SEO plugin v24.9 - https:\/\/yoast.com\/wordpress\/plugins\/seo\/ -->\n<title>Clases de m\u00fasica para peques pre escolares en Rub\u00ed | L&#039;Aula Musical<\/title>\n<meta name=\"description\" content=\"Clases divertidas de iniciaci\u00f3n a la m\u00fasica para los peques de la casa | Edad preescolar de 3 a 6 a\u00f1os con el m\u00e9todo Fasolet en Rub\u00ed\" \/>\n<meta name=\"robots\" content=\"index, follow, max-snippet:-1, max-image-preview:large, max-video-preview:-1\" \/>\n<link rel=\"canonical\" href=\"https:\/\/www.laulamusical.cat\/ca\/iniciacio-musical\/\" \/>\n<meta property=\"og:locale\" content=\"es_ES\" \/>\n<meta property=\"og:type\" content=\"article\" \/>\n<meta property=\"og:title\" content=\"Clases de m\u00fasica para peques pre escolares en Rub\u00ed | L&#039;Aula Musical\" \/>\n<meta property=\"og:description\" content=\"Clases divertidas de iniciaci\u00f3n a la m\u00fasica para los peques de la casa | Edad preescolar de 3 a 6 a\u00f1os con el m\u00e9todo Fasolet en Rub\u00ed\" \/>\n<meta property=\"og:url\" content=\"https:\/\/www.laulamusical.cat\/ca\/iniciacio-musical\/\" \/>\n<meta property=\"og:site_name\" content=\"L&#039;Aula Musical\" \/>\n<meta property=\"article:modified_time\" content=\"2024-04-21T10:16:22+00:00\" \/>\n<meta name=\"twitter:card\" content=\"summary_large_image\" \/>\n<meta name=\"twitter:label1\" content=\"Tiempo de lectura\" \/>\n\t<meta name=\"twitter:data1\" content=\"3 minutos\" \/>\n<script type=\"application\/ld+json\" class=\"yoast-schema-graph\">{\"@context\":\"https:\/\/schema.org\",\"@graph\":[{\"@type\":\"WebPage\",\"@id\":\"https:\/\/www.laulamusical.cat\/ca\/iniciacio-musical\/\",\"url\":\"https:\/\/www.laulamusical.cat\/ca\/iniciacio-musical\/\",\"name\":\"Clases de m\u00fasica para peques pre escolares en Rub\u00ed | L'Aula Musical\",\"isPartOf\":{\"@id\":\"https:\/\/www.laulamusical.cat\/es\/#website\"},\"datePublished\":\"2024-04-21T09:49:46+00:00\",\"dateModified\":\"2024-04-21T10:16:22+00:00\",\"description\":\"Clases divertidas de iniciaci\u00f3n a la m\u00fasica para los peques de la casa | Edad preescolar de 3 a 6 a\u00f1os con el m\u00e9todo Fasolet en Rub\u00ed\",\"breadcrumb\":{\"@id\":\"https:\/\/www.laulamusical.cat\/ca\/iniciacio-musical\/#breadcrumb\"},\"inLanguage\":\"es\",\"potentialAction\":[{\"@type\":\"ReadAction\",\"target\":[\"https:\/\/www.laulamusical.cat\/ca\/iniciacio-musical\/\"]}]},{\"@type\":\"BreadcrumbList\",\"@id\":\"https:\/\/www.laulamusical.cat\/ca\/iniciacio-musical\/#breadcrumb\",\"itemListElement\":[{\"@type\":\"ListItem\",\"position\":1,\"name\":\"Portada\",\"item\":\"https:\/\/www.laulamusical.cat\/es\/\"},{\"@type\":\"ListItem\",\"position\":2,\"name\":\"Iniciaci\u00f3n musical\"}]},{\"@type\":\"WebSite\",\"@id\":\"https:\/\/www.laulamusical.cat\/es\/#website\",\"url\":\"https:\/\/www.laulamusical.cat\/es\/\",\"name\":\"L&#039;Aula Musical\",\"description\":\"Escuela de m\u00fasica en Rub\u00ed\",\"publisher\":{\"@id\":\"https:\/\/www.laulamusical.cat\/es\/#organization\"},\"potentialAction\":[{\"@type\":\"SearchAction\",\"target\":{\"@type\":\"EntryPoint\",\"urlTemplate\":\"https:\/\/www.laulamusical.cat\/es\/?s={search_term_string}\"},\"query-input\":{\"@type\":\"PropertyValueSpecification\",\"valueRequired\":true,\"valueName\":\"search_term_string\"}}],\"inLanguage\":\"es\"},{\"@type\":\"Organization\",\"@id\":\"https:\/\/www.laulamusical.cat\/es\/#organization\",\"name\":\"L'Aula Musical\",\"url\":\"https:\/\/www.laulamusical.cat\/es\/\",\"logo\":{\"@type\":\"ImageObject\",\"inLanguage\":\"es\",\"@id\":\"https:\/\/www.laulamusical.cat\/es\/#\/schema\/logo\/image\/\",\"url\":\"https:\/\/www.laulamusical.cat\/wp-content\/uploads\/2021\/08\/cropped-logo-cuadrado.jpg\",\"contentUrl\":\"https:\/\/www.laulamusical.cat\/wp-content\/uploads\/2021\/08\/cropped-logo-cuadrado.jpg\",\"width\":512,\"height\":512,\"caption\":\"L'Aula Musical\"},\"image\":{\"@id\":\"https:\/\/www.laulamusical.cat\/es\/#\/schema\/logo\/image\/\"}}]}<\/script>\n<!-- \/ Yoast SEO plugin. -->","yoast_head_json":{"title":"Clases de m\u00fasica para peques pre escolares en Rub\u00ed | L'Aula Musical","description":"Clases divertidas de iniciaci\u00f3n a la m\u00fasica para los peques de la casa | Edad preescolar de 3 a 6 a\u00f1os con el m\u00e9todo Fasolet en Rub\u00ed","robots":{"index":"index","follow":"follow","max-snippet":"max-snippet:-1","max-image-preview":"max-image-preview:large","max-video-preview":"max-video-preview:-1"},"canonical":"https:\/\/www.laulamusical.cat\/ca\/iniciacio-musical\/","og_locale":"es_ES","og_type":"article","og_title":"Clases de m\u00fasica para peques pre escolares en Rub\u00ed | L'Aula Musical","og_description":"Clases divertidas de iniciaci\u00f3n a la m\u00fasica para los peques de la casa | Edad preescolar de 3 a 6 a\u00f1os con el m\u00e9todo Fasolet en Rub\u00ed","og_url":"https:\/\/www.laulamusical.cat\/ca\/iniciacio-musical\/","og_site_name":"L&#039;Aula Musical","article_modified_time":"2024-04-21T10:16:22+00:00","twitter_card":"summary_large_image","twitter_misc":{"Tiempo de lectura":"3 minutos"},"schema":{"@context":"https:\/\/schema.org","@graph":[{"@type":"WebPage","@id":"https:\/\/www.laulamusical.cat\/ca\/iniciacio-musical\/","url":"https:\/\/www.laulamusical.cat\/ca\/iniciacio-musical\/","name":"Clases de m\u00fasica para peques pre escolares en Rub\u00ed | L'Aula Musical","isPartOf":{"@id":"https:\/\/www.laulamusical.cat\/es\/#website"},"datePublished":"2024-04-21T09:49:46+00:00","dateModified":"2024-04-21T10:16:22+00:00","description":"Clases divertidas de iniciaci\u00f3n a la m\u00fasica para los peques de la casa | Edad preescolar de 3 a 6 a\u00f1os con el m\u00e9todo Fasolet en Rub\u00ed","breadcrumb":{"@id":"https:\/\/www.laulamusical.cat\/ca\/iniciacio-musical\/#breadcrumb"},"inLanguage":"es","potentialAction":[{"@type":"ReadAction","target":["https:\/\/www.laulamusical.cat\/ca\/iniciacio-musical\/"]}]},{"@type":"BreadcrumbList","@id":"https:\/\/www.laulamusical.cat\/ca\/iniciacio-musical\/#breadcrumb","itemListElement":[{"@type":"ListItem","position":1,"name":"Portada","item":"https:\/\/www.laulamusical.cat\/es\/"},{"@type":"ListItem","position":2,"name":"Iniciaci\u00f3n musical"}]},{"@type":"WebSite","@id":"https:\/\/www.laulamusical.cat\/es\/#website","url":"https:\/\/www.laulamusical.cat\/es\/","name":"L&#039;Aula Musical","description":"Escuela de m\u00fasica en Rub\u00ed","publisher":{"@id":"https:\/\/www.laulamusical.cat\/es\/#organization"},"potentialAction":[{"@type":"SearchAction","target":{"@type":"EntryPoint","urlTemplate":"https:\/\/www.laulamusical.cat\/es\/?s={search_term_string}"},"query-input":{"@type":"PropertyValueSpecification","valueRequired":true,"valueName":"search_term_string"}}],"inLanguage":"es"},{"@type":"Organization","@id":"https:\/\/www.laulamusical.cat\/es\/#organization","name":"L'Aula Musical","url":"https:\/\/www.laulamusical.cat\/es\/","logo":{"@type":"ImageObject","inLanguage":"es","@id":"https:\/\/www.laulamusical.cat\/es\/#\/schema\/logo\/image\/","url":"https:\/\/www.laulamusical.cat\/wp-content\/uploads\/2021\/08\/cropped-logo-cuadrado.jpg","contentUrl":"https:\/\/www.laulamusical.cat\/wp-content\/uploads\/2021\/08\/cropped-logo-cuadrado.jpg","width":512,"height":512,"caption":"L'Aula Musical"},"image":{"@id":"https:\/\/www.laulamusical.cat\/es\/#\/schema\/logo\/image\/"}}]}},"_links":{"self":[{"href":"https:\/\/www.laulamusical.cat\/es\/wp-json\/wp\/v2\/pages\/5248","targetHints":{"allow":["GET"]}}],"collection":[{"href":"https:\/\/www.laulamusical.cat\/es\/wp-json\/wp\/v2\/pages"}],"about":[{"href":"https:\/\/www.laulamusical.cat\/es\/wp-json\/wp\/v2\/types\/page"}],"author":[{"embeddable":true,"href":"https:\/\/www.laulamusical.cat\/es\/wp-json\/wp\/v2\/users\/9"}],"replies":[{"embeddable":true,"href":"https:\/\/www.laulamusical.cat\/es\/wp-json\/wp\/v2\/comments?post=5248"}],"version-history":[{"count":5,"href":"https:\/\/www.laulamusical.cat\/es\/wp-json\/wp\/v2\/pages\/5248\/revisions"}],"predecessor-version":[{"id":5258,"href":"https:\/\/www.laulamusical.cat\/es\/wp-json\/wp\/v2\/pages\/5248\/revisions\/5258"}],"wp:attachment":[{"href":"https:\/\/www.laulamusical.cat\/es\/wp-json\/wp\/v2\/media?parent=5248"}],"curies":[{"name":"wp","href":"https:\/\/api.w.org\/{rel}","templated":true}]}}