{"id":5423,"date":"2024-05-31T19:05:51","date_gmt":"2024-05-31T17:05:51","guid":{"rendered":"https:\/\/www.laulamusical.cat\/politica-privacidad-copy\/"},"modified":"2024-05-31T19:21:00","modified_gmt":"2024-05-31T17:21:00","slug":"pol-priv","status":"publish","type":"page","link":"https:\/\/www.laulamusical.cat\/es\/pol-priv\/","title":{"rendered":"Politica de privacidad"},"content":{"rendered":"<p><strong>PROTECCIO DE DATOS:<\/strong><\/p>\n<p>Introducci\u00f3n: Con la informaci\u00f3n que le proporcionaremos a continuaci\u00f3n, NATALIYA KUZNETSOVA quiere que usted conozca cu\u00e1l es la pol\u00edtica de privacidad aplicada en relaci\u00f3n con sus datos personales.<\/p>\n<p>Cumplimiento de la normativa de protecci\u00f3n de datos: NATALIYA KUZNETSOVAcumple todos los requisitos establecidos por la normativa vigente en materia de protecci\u00f3n de datos personales, y todos los datos bajo su responsabilidad son tratados de acuerdo con las exigencias legales.<\/p>\n<p>Medidas de Seguridad: se aplicar\u00e1n las preceptivas medidas de seguridad, tanto t\u00e9cnicas como organizativas, que garanticen la confidencialidad de los datos.<\/p>\n<p>Informaci\u00f3n b\u00e1sica que se ampl\u00eda m\u00e1s adelante:<\/p>\n<p>Responsable: NATALIYA KUZNETSOVA.<\/p>\n<p>Finalidad: gesti\u00f3n de la relaci\u00f3n entre responsable e interesado en cuanto a la gesti\u00f3n de los servicios e informaci\u00f3n ofrecidos.<\/p>\n<p>Legitimaci\u00f3n: consentimiento del interesado.<\/p>\n<p>Destinatarios: sus datos s\u00f3lo podr\u00e1n ser comunicados a terceros para el cumplimiento de las obligaciones legales y\/o contractuales que puedan existir.<\/p>\n<p>Derechos: acceso, rectificaci\u00f3n y supresi\u00f3n de los datos, as\u00ed como otros derechos adicionales que se especifican en la informaci\u00f3n ampliada.<\/p>\n<p>Informaci\u00f3n ampliada:<\/p>\n<p>Responsable: NATALIYA KUZNETSOVA<\/p>\n<p>NIF: X6317647F<\/p>\n<p>Direcci\u00f3n: Carrer de Sant Cugat 6, Rub\u00ed<\/p>\n<p>Contacto: <a href=\"mailto:laaulamusical@gmail.com\">laaulamusical@gmail.com<\/a><\/p>\n<p>Delegado de Protecci\u00f3n de Datos: no existe, al no ser preceptivo.<\/p>\n<p>Contacto del Delegado de Protecci\u00f3n de Datos: no existe, al no ser preceptivo.<\/p>\n<p>Finalidades:<\/p>\n<p>Las finalidades para las cuales se tratar\u00e1n los datos que nos faciliten ser\u00e1n las siguientes:<\/p>\n<p>(a) Le informamos que los datos personales que nos facilite y aquellos que sean obtenidas de sus relaciones con nosotros, ser\u00e1n incorporados a un fichero o ficheros, responsabilidad de NATALIYA KUZNETSOVA, y ser\u00e1n destinados exclusivamente a la gesti\u00f3n de la relaci\u00f3n entre responsable e interesado en cuanto a los servicios e informaci\u00f3n ofrecidos.<\/p>\n<p>(b) Contacto, tr\u00e1mites, inscripciones: si nos remite un correo electr\u00f3nico a alguna de las direcciones de correo electr\u00f3nico de contacto existentes en la web, o rellena alguno de los formularios (a no ser que la finalidad sea alguna otra de las especificadas en este apartado), se utilizar\u00e1n sus datos para la gesti\u00f3n de su contacto o realizaci\u00f3n de alg\u00fan tr\u00e1mite con nosotros, ya sea para una consulta, sugerencia, concretar cita previa, solicitud de informaci\u00f3n y\/o servicio, solicitar un cat\u00e1logo, inscripci\u00f3n a actos o actividades, gestionar la queja, reclamaci\u00f3n o denuncia, o por cualquier otro motivo consecuencia del contacto o tr\u00e1mite realizado por su parte.<\/p>\n<p>(c) Parte privada de la web, Oficina Virtual: para gestionar el acceso y uso de la parte privada de la Web.<\/p>\n<p>(d) Para la gesti\u00f3n del servicio de correo electr\u00f3nico.<\/p>\n<p>(e) Redes sociales: NATALIYA KUZNETSOVA pone en su conocimiento que est\u00e1 presente en redes sociales. El tratamiento de los datos que se haga de las personas que se hagan seguidoras (y\/o establezcan un v\u00ednculo o realizando cualquier acci\u00f3n de conexi\u00f3n a las redes sociales) de la p\u00e1gina Web a las redes sociales se regir\u00e1 por este apartado, el aviso legal de la Web, as\u00ed como por aquellas Condiciones de uso, Pol\u00edticas de privacidad y otras normativas de acceso, uso y similares, que pertenezcan a la red social que corresponda. NATALIYA KUZNETSOVA tratar\u00e1 los datos que nos facilite haci\u00e9ndose seguidor con la finalidad de administrar correctamente su presencia en la red social que corresponda, informarlo de actividades de NATALIYA KUZNETSOVA o de terceros que puedan estar relacionadas con su actividad, as\u00ed como por cualquier otra que las normativas de las redes sociales puedan permitir.<\/p>\n<p>(f) Podr\u00e1n existir otras cl\u00e1usulas de protecci\u00f3n de datos a la Web y\/o a los formularios que puedan aparecer, las cuales ser\u00e1n complementarias y, en caso necesario, se aplicar\u00e1 el presente aviso legal y de privacidad.<\/p>\n<p>Legitimaci\u00f3n: la base legal es el consentimiento del interesado.<\/p>\n<p>Los datos se conservar\u00e1n durante todo el plazo de prescripci\u00f3n de las acciones de responsabilidad.<\/p>\n<p>Destinatarios: sus datos s\u00f3lo podr\u00e1n ser comunicados a terceros para el cumplimiento de las obligaciones legales y\/o contractuales que puedan existir, siempre en los t\u00e9rminos legalmente establecidos.<\/p>\n<p>Derechos de los afectados: en caso necesario, puede ejercer sus derechos de acceso, rectificaci\u00f3n, supresi\u00f3n, limitaci\u00f3n y oposici\u00f3n al tratamiento de los datos, dirigi\u00e9ndose por escrito o por correo electr\u00f3nico y acompa\u00f1ando copia de documento oficial que lo identifique, a NATALIYA KUZNETSOVA, con direcci\u00f3n postal Av. dels Paraires, n\u00ba 23, de Sabadell; y con correo electr\u00f3nico de contacto laaulamusical@gmail.com. Tambi\u00e9n tiene derecho a formular reclamaci\u00f3n ante la Agencia Espa\u00f1ola de Protecci\u00f3n de Datos.<\/p>\n<p>Asimismo, en cumplimiento del art\u00edculo 21 de la Ley 34\/2002, de 11 de julio, de Servicios de la Sociedad de la Informaci\u00f3n y de Comercio Electr\u00f3nico, NATALIYA KUZNETSOVA no enviar\u00e1 por correo electr\u00f3nico comunicaciones publicitarias que no hayan sido autorizadas por los usuarios. Cuando NATALIYA KUZNETSOVA disponga del consentimiento expreso del destinatario a recibir comunicaci\u00f3n comercial mediante correo electr\u00f3nico, la palabra \u00abpublicidad\u00bb aparecer\u00e1 en el inicio del mensaje.<\/p>\n<p>&nbsp;<\/p>\n<p><strong>ENLACES A P\u00c1GINAS DE TERCEROS:<\/strong><\/p>\n<p>Los enlaces en esta \u00e1rea le permitir\u00e1n dejar el lugar de NATALIYA KUZNETSOVA. Los lugares enlazados no est\u00e1n controlados por NATALIYA KUZNETSOVA, y \u00e9sta no se hace responsable de los contenidos de ning\u00fan link, ni de ning\u00fan enlace que se encuentre en cualquier lugar enlazado, ni de ning\u00fan cambio o actualizaci\u00f3n de tales lugares. NATALIYA KUZNETSOVA no se hace responsable de actas de \u00abwebcasting\u00bb o cualquier otra forma de transmisi\u00f3n efectuada desde cualquier lugar enlazado. NATALIYA KUZNETSOVA s\u00f3lo le est\u00e1 proporcionando estos enlaces para su comodidad y aprovechamiento, y la inclusi\u00f3n de cualquier enlace no implica la aprobaci\u00f3n del lugar por parte de NATALIYA KUZNETSOVA.<\/p>\n<p>NATALIYA KUZNETSOVA informa que la funci\u00f3n de los \u00ablinks\u00bb o enlaces que aparecen en sus p\u00e1ginas es exclusivamente la de informar al usuario sobre la existencia de otras fuentes de informaci\u00f3n sobre la materia en Internet, donde podr\u00e1 ampliar los datos ofrecidos en esta Web. Estos \u00ablinks\u00bb no suponen una sugerencia, invitaci\u00f3n o recomendaci\u00f3n para la visita de los lugares de destino y, por eso, NATALIYA KUZNETSOVA no ser\u00e1 responsable del resultado obtenido a trav\u00e9s de estos enlaces.<\/p>\n<p>&nbsp;<\/p>\n<p><strong>GENERALES:<\/strong><\/p>\n<p>Para toda cuesti\u00f3n litigiosa o que incumba a la P\u00e1gina Web de NATALIYA KUZNETSOVA ser\u00e1 aplicable la legislaci\u00f3n espa\u00f1ola, siendo competentes para la resoluci\u00f3n de todos los conflictos derivados o relacionados con el uso de esta p\u00e1gina Web, los Juzgados y Tribunales del domicilio del usuario, y los de Sabadell en el supuesto de que \u00e9ste resida fuera del territorio del estado espa\u00f1ol.<\/p>\n<p>El acceso a la p\u00e1gina Web de NATALIYA KUZNETSOVA implica la aceptaci\u00f3n de todas las condiciones anteriormente expresadas.<\/p>\n","protected":false},"excerpt":{"rendered":"<p>PROTECCIO DE DATOS: Introducci\u00f3n: Con la informaci\u00f3n que le proporcionaremos a continuaci\u00f3n, NATALIYA KUZNETSOVA quiere que usted conozca cu\u00e1l es la pol\u00edtica de privacidad aplicada en relaci\u00f3n con sus datos personales. Cumplimiento de la normativa de protecci\u00f3n de datos: NATALIYA KUZNETSOVAcumple todos los requisitos establecidos por la normativa vigente en materia de protecci\u00f3n de datos [&hellip;]<\/p>\n","protected":false},"author":9,"featured_media":0,"parent":0,"menu_order":0,"comment_status":"closed","ping_status":"closed","template":"","meta":{"_joinchat":[],"footnotes":""},"class_list":["post-5423","page","type-page","status-publish","hentry"],"yoast_head":"<!-- This site is optimized with the Yoast SEO plugin v24.9 - https:\/\/yoast.com\/wordpress\/plugins\/seo\/ -->\n<title>Politica de privacidad | L&#039;Aula Musical<\/title>\n<meta name=\"robots\" content=\"noindex, nofollow\" \/>\n<meta property=\"og:locale\" content=\"es_ES\" \/>\n<meta property=\"og:type\" content=\"article\" \/>\n<meta property=\"og:title\" content=\"Politica de privacidad | L&#039;Aula Musical\" \/>\n<meta property=\"og:description\" content=\"PROTECCIO DE DATOS: Introducci\u00f3n: Con la informaci\u00f3n que le proporcionaremos a continuaci\u00f3n, NATALIYA KUZNETSOVA quiere que usted conozca cu\u00e1l es la pol\u00edtica de privacidad aplicada en relaci\u00f3n con sus datos personales. Cumplimiento de la normativa de protecci\u00f3n de datos: NATALIYA KUZNETSOVAcumple todos los requisitos establecidos por la normativa vigente en materia de protecci\u00f3n de datos [&hellip;]\" \/>\n<meta property=\"og:url\" content=\"https:\/\/www.laulamusical.cat\/es\/pol-priv\/\" \/>\n<meta property=\"og:site_name\" content=\"L&#039;Aula Musical\" \/>\n<meta property=\"article:modified_time\" content=\"2024-05-31T17:21:00+00:00\" \/>\n<meta name=\"twitter:card\" content=\"summary_large_image\" \/>\n<meta name=\"twitter:label1\" content=\"Tiempo de lectura\" \/>\n\t<meta name=\"twitter:data1\" content=\"5 minutos\" \/>\n<script type=\"application\/ld+json\" class=\"yoast-schema-graph\">{\"@context\":\"https:\/\/schema.org\",\"@graph\":[{\"@type\":\"WebPage\",\"@id\":\"https:\/\/www.laulamusical.cat\/es\/pol-priv\/\",\"url\":\"https:\/\/www.laulamusical.cat\/es\/pol-priv\/\",\"name\":\"Politica de privacidad | L&#039;Aula Musical\",\"isPartOf\":{\"@id\":\"https:\/\/www.laulamusical.cat\/es\/#website\"},\"datePublished\":\"2024-05-31T17:05:51+00:00\",\"dateModified\":\"2024-05-31T17:21:00+00:00\",\"breadcrumb\":{\"@id\":\"https:\/\/www.laulamusical.cat\/es\/pol-priv\/#breadcrumb\"},\"inLanguage\":\"es\",\"potentialAction\":[{\"@type\":\"ReadAction\",\"target\":[\"https:\/\/www.laulamusical.cat\/es\/pol-priv\/\"]}]},{\"@type\":\"BreadcrumbList\",\"@id\":\"https:\/\/www.laulamusical.cat\/es\/pol-priv\/#breadcrumb\",\"itemListElement\":[{\"@type\":\"ListItem\",\"position\":1,\"name\":\"Portada\",\"item\":\"https:\/\/www.laulamusical.cat\/es\/\"},{\"@type\":\"ListItem\",\"position\":2,\"name\":\"Politica de privacidad\"}]},{\"@type\":\"WebSite\",\"@id\":\"https:\/\/www.laulamusical.cat\/es\/#website\",\"url\":\"https:\/\/www.laulamusical.cat\/es\/\",\"name\":\"L&#039;Aula Musical\",\"description\":\"Escuela de m\u00fasica en Rub\u00ed\",\"publisher\":{\"@id\":\"https:\/\/www.laulamusical.cat\/es\/#organization\"},\"potentialAction\":[{\"@type\":\"SearchAction\",\"target\":{\"@type\":\"EntryPoint\",\"urlTemplate\":\"https:\/\/www.laulamusical.cat\/es\/?s={search_term_string}\"},\"query-input\":{\"@type\":\"PropertyValueSpecification\",\"valueRequired\":true,\"valueName\":\"search_term_string\"}}],\"inLanguage\":\"es\"},{\"@type\":\"Organization\",\"@id\":\"https:\/\/www.laulamusical.cat\/es\/#organization\",\"name\":\"L'Aula Musical\",\"url\":\"https:\/\/www.laulamusical.cat\/es\/\",\"logo\":{\"@type\":\"ImageObject\",\"inLanguage\":\"es\",\"@id\":\"https:\/\/www.laulamusical.cat\/es\/#\/schema\/logo\/image\/\",\"url\":\"https:\/\/www.laulamusical.cat\/wp-content\/uploads\/2021\/08\/cropped-logo-cuadrado.jpg\",\"contentUrl\":\"https:\/\/www.laulamusical.cat\/wp-content\/uploads\/2021\/08\/cropped-logo-cuadrado.jpg\",\"width\":512,\"height\":512,\"caption\":\"L'Aula Musical\"},\"image\":{\"@id\":\"https:\/\/www.laulamusical.cat\/es\/#\/schema\/logo\/image\/\"}}]}<\/script>\n<!-- \/ Yoast SEO plugin. -->","yoast_head_json":{"title":"Politica de privacidad | L&#039;Aula Musical","robots":{"index":"noindex","follow":"nofollow"},"og_locale":"es_ES","og_type":"article","og_title":"Politica de privacidad | L&#039;Aula Musical","og_description":"PROTECCIO DE DATOS: Introducci\u00f3n: Con la informaci\u00f3n que le proporcionaremos a continuaci\u00f3n, NATALIYA KUZNETSOVA quiere que usted conozca cu\u00e1l es la pol\u00edtica de privacidad aplicada en relaci\u00f3n con sus datos personales. Cumplimiento de la normativa de protecci\u00f3n de datos: NATALIYA KUZNETSOVAcumple todos los requisitos establecidos por la normativa vigente en materia de protecci\u00f3n de datos [&hellip;]","og_url":"https:\/\/www.laulamusical.cat\/es\/pol-priv\/","og_site_name":"L&#039;Aula Musical","article_modified_time":"2024-05-31T17:21:00+00:00","twitter_card":"summary_large_image","twitter_misc":{"Tiempo de lectura":"5 minutos"},"schema":{"@context":"https:\/\/schema.org","@graph":[{"@type":"WebPage","@id":"https:\/\/www.laulamusical.cat\/es\/pol-priv\/","url":"https:\/\/www.laulamusical.cat\/es\/pol-priv\/","name":"Politica de privacidad | L&#039;Aula Musical","isPartOf":{"@id":"https:\/\/www.laulamusical.cat\/es\/#website"},"datePublished":"2024-05-31T17:05:51+00:00","dateModified":"2024-05-31T17:21:00+00:00","breadcrumb":{"@id":"https:\/\/www.laulamusical.cat\/es\/pol-priv\/#breadcrumb"},"inLanguage":"es","potentialAction":[{"@type":"ReadAction","target":["https:\/\/www.laulamusical.cat\/es\/pol-priv\/"]}]},{"@type":"BreadcrumbList","@id":"https:\/\/www.laulamusical.cat\/es\/pol-priv\/#breadcrumb","itemListElement":[{"@type":"ListItem","position":1,"name":"Portada","item":"https:\/\/www.laulamusical.cat\/es\/"},{"@type":"ListItem","position":2,"name":"Politica de privacidad"}]},{"@type":"WebSite","@id":"https:\/\/www.laulamusical.cat\/es\/#website","url":"https:\/\/www.laulamusical.cat\/es\/","name":"L&#039;Aula Musical","description":"Escuela de m\u00fasica en Rub\u00ed","publisher":{"@id":"https:\/\/www.laulamusical.cat\/es\/#organization"},"potentialAction":[{"@type":"SearchAction","target":{"@type":"EntryPoint","urlTemplate":"https:\/\/www.laulamusical.cat\/es\/?s={search_term_string}"},"query-input":{"@type":"PropertyValueSpecification","valueRequired":true,"valueName":"search_term_string"}}],"inLanguage":"es"},{"@type":"Organization","@id":"https:\/\/www.laulamusical.cat\/es\/#organization","name":"L'Aula Musical","url":"https:\/\/www.laulamusical.cat\/es\/","logo":{"@type":"ImageObject","inLanguage":"es","@id":"https:\/\/www.laulamusical.cat\/es\/#\/schema\/logo\/image\/","url":"https:\/\/www.laulamusical.cat\/wp-content\/uploads\/2021\/08\/cropped-logo-cuadrado.jpg","contentUrl":"https:\/\/www.laulamusical.cat\/wp-content\/uploads\/2021\/08\/cropped-logo-cuadrado.jpg","width":512,"height":512,"caption":"L'Aula Musical"},"image":{"@id":"https:\/\/www.laulamusical.cat\/es\/#\/schema\/logo\/image\/"}}]}},"_links":{"self":[{"href":"https:\/\/www.laulamusical.cat\/es\/wp-json\/wp\/v2\/pages\/5423","targetHints":{"allow":["GET"]}}],"collection":[{"href":"https:\/\/www.laulamusical.cat\/es\/wp-json\/wp\/v2\/pages"}],"about":[{"href":"https:\/\/www.laulamusical.cat\/es\/wp-json\/wp\/v2\/types\/page"}],"author":[{"embeddable":true,"href":"https:\/\/www.laulamusical.cat\/es\/wp-json\/wp\/v2\/users\/9"}],"replies":[{"embeddable":true,"href":"https:\/\/www.laulamusical.cat\/es\/wp-json\/wp\/v2\/comments?post=5423"}],"version-history":[{"count":4,"href":"https:\/\/www.laulamusical.cat\/es\/wp-json\/wp\/v2\/pages\/5423\/revisions"}],"predecessor-version":[{"id":5432,"href":"https:\/\/www.laulamusical.cat\/es\/wp-json\/wp\/v2\/pages\/5423\/revisions\/5432"}],"wp:attachment":[{"href":"https:\/\/www.laulamusical.cat\/es\/wp-json\/wp\/v2\/media?parent=5423"}],"curies":[{"name":"wp","href":"https:\/\/api.w.org\/{rel}","templated":true}]}}