{"id":5452,"date":"2024-06-01T09:08:58","date_gmt":"2024-06-01T07:08:58","guid":{"rendered":"https:\/\/www.laulamusical.cat\/casal-de-verano-rubi-copy\/"},"modified":"2025-04-26T19:48:26","modified_gmt":"2025-04-26T17:48:26","slug":"casal-verano-rubi","status":"publish","type":"page","link":"https:\/\/www.laulamusical.cat\/es\/casal-verano-rubi\/","title":{"rendered":"Casal de verano"},"content":{"rendered":"","protected":false},"excerpt":{"rendered":"","protected":false},"author":9,"featured_media":0,"parent":0,"menu_order":0,"comment_status":"closed","ping_status":"closed","template":"","meta":{"_joinchat":[],"footnotes":""},"class_list":["post-5452","page","type-page","status-publish","hentry"],"yoast_head":"<!-- This site is optimized with the Yoast SEO plugin v24.9 - https:\/\/yoast.com\/wordpress\/plugins\/seo\/ -->\n<title>Casal de verano musical en Rub\u00ed | M\u00fasica, juegos y actividades de verano<\/title>\n<meta name=\"description\" content=\"Casal de verano musical en Rub\u00ed para ni\u00f1os. Juega, divi\u00e9rtete e interact\u00faa con la m\u00fasica mediante juegos y actividades divertidas.\" \/>\n<meta name=\"robots\" content=\"index, follow, max-snippet:-1, max-image-preview:large, max-video-preview:-1\" \/>\n<link rel=\"canonical\" href=\"https:\/\/www.laulamusical.cat\/es\/casal-verano-rubi\/\" \/>\n<meta property=\"og:locale\" content=\"es_ES\" \/>\n<meta property=\"og:type\" content=\"article\" \/>\n<meta property=\"og:title\" content=\"Casal de verano musical en Rub\u00ed | M\u00fasica, juegos y actividades de verano\" \/>\n<meta property=\"og:description\" content=\"Casal de verano musical en Rub\u00ed para ni\u00f1os. Juega, divi\u00e9rtete e interact\u00faa con la m\u00fasica mediante juegos y actividades divertidas.\" \/>\n<meta property=\"og:url\" content=\"https:\/\/www.laulamusical.cat\/es\/casal-verano-rubi\/\" \/>\n<meta property=\"og:site_name\" content=\"L&#039;Aula Musical\" \/>\n<meta property=\"article:modified_time\" content=\"2025-04-26T17:48:26+00:00\" \/>\n<meta name=\"twitter:card\" content=\"summary_large_image\" \/>\n<meta name=\"twitter:label1\" content=\"Tiempo de lectura\" \/>\n\t<meta name=\"twitter:data1\" content=\"1 minuto\" \/>\n<script type=\"application\/ld+json\" class=\"yoast-schema-graph\">{\"@context\":\"https:\/\/schema.org\",\"@graph\":[{\"@type\":\"WebPage\",\"@id\":\"https:\/\/www.laulamusical.cat\/es\/casal-verano-rubi\/\",\"url\":\"https:\/\/www.laulamusical.cat\/es\/casal-verano-rubi\/\",\"name\":\"Casal de verano musical en Rub\u00ed | M\u00fasica, juegos y actividades de verano\",\"isPartOf\":{\"@id\":\"https:\/\/www.laulamusical.cat\/es\/#website\"},\"datePublished\":\"2024-06-01T07:08:58+00:00\",\"dateModified\":\"2025-04-26T17:48:26+00:00\",\"description\":\"Casal de verano musical en Rub\u00ed para ni\u00f1os. Juega, divi\u00e9rtete e interact\u00faa con la m\u00fasica mediante juegos y actividades divertidas.\",\"breadcrumb\":{\"@id\":\"https:\/\/www.laulamusical.cat\/es\/casal-verano-rubi\/#breadcrumb\"},\"inLanguage\":\"es\",\"potentialAction\":[{\"@type\":\"ReadAction\",\"target\":[\"https:\/\/www.laulamusical.cat\/es\/casal-verano-rubi\/\"]}]},{\"@type\":\"BreadcrumbList\",\"@id\":\"https:\/\/www.laulamusical.cat\/es\/casal-verano-rubi\/#breadcrumb\",\"itemListElement\":[{\"@type\":\"ListItem\",\"position\":1,\"name\":\"Portada\",\"item\":\"https:\/\/www.laulamusical.cat\/es\/\"},{\"@type\":\"ListItem\",\"position\":2,\"name\":\"Casal de verano\"}]},{\"@type\":\"WebSite\",\"@id\":\"https:\/\/www.laulamusical.cat\/es\/#website\",\"url\":\"https:\/\/www.laulamusical.cat\/es\/\",\"name\":\"L&#039;Aula Musical\",\"description\":\"Escuela de m\u00fasica en Rub\u00ed\",\"publisher\":{\"@id\":\"https:\/\/www.laulamusical.cat\/es\/#organization\"},\"potentialAction\":[{\"@type\":\"SearchAction\",\"target\":{\"@type\":\"EntryPoint\",\"urlTemplate\":\"https:\/\/www.laulamusical.cat\/es\/?s={search_term_string}\"},\"query-input\":{\"@type\":\"PropertyValueSpecification\",\"valueRequired\":true,\"valueName\":\"search_term_string\"}}],\"inLanguage\":\"es\"},{\"@type\":\"Organization\",\"@id\":\"https:\/\/www.laulamusical.cat\/es\/#organization\",\"name\":\"L'Aula Musical\",\"url\":\"https:\/\/www.laulamusical.cat\/es\/\",\"logo\":{\"@type\":\"ImageObject\",\"inLanguage\":\"es\",\"@id\":\"https:\/\/www.laulamusical.cat\/es\/#\/schema\/logo\/image\/\",\"url\":\"https:\/\/www.laulamusical.cat\/wp-content\/uploads\/2021\/08\/cropped-logo-cuadrado.jpg\",\"contentUrl\":\"https:\/\/www.laulamusical.cat\/wp-content\/uploads\/2021\/08\/cropped-logo-cuadrado.jpg\",\"width\":512,\"height\":512,\"caption\":\"L'Aula Musical\"},\"image\":{\"@id\":\"https:\/\/www.laulamusical.cat\/es\/#\/schema\/logo\/image\/\"}}]}<\/script>\n<!-- \/ Yoast SEO plugin. -->","yoast_head_json":{"title":"Casal de verano musical en Rub\u00ed | M\u00fasica, juegos y actividades de verano","description":"Casal de verano musical en Rub\u00ed para ni\u00f1os. Juega, divi\u00e9rtete e interact\u00faa con la m\u00fasica mediante juegos y actividades divertidas.","robots":{"index":"index","follow":"follow","max-snippet":"max-snippet:-1","max-image-preview":"max-image-preview:large","max-video-preview":"max-video-preview:-1"},"canonical":"https:\/\/www.laulamusical.cat\/es\/casal-verano-rubi\/","og_locale":"es_ES","og_type":"article","og_title":"Casal de verano musical en Rub\u00ed | M\u00fasica, juegos y actividades de verano","og_description":"Casal de verano musical en Rub\u00ed para ni\u00f1os. Juega, divi\u00e9rtete e interact\u00faa con la m\u00fasica mediante juegos y actividades divertidas.","og_url":"https:\/\/www.laulamusical.cat\/es\/casal-verano-rubi\/","og_site_name":"L&#039;Aula Musical","article_modified_time":"2025-04-26T17:48:26+00:00","twitter_card":"summary_large_image","twitter_misc":{"Tiempo de lectura":"1 minuto"},"schema":{"@context":"https:\/\/schema.org","@graph":[{"@type":"WebPage","@id":"https:\/\/www.laulamusical.cat\/es\/casal-verano-rubi\/","url":"https:\/\/www.laulamusical.cat\/es\/casal-verano-rubi\/","name":"Casal de verano musical en Rub\u00ed | M\u00fasica, juegos y actividades de verano","isPartOf":{"@id":"https:\/\/www.laulamusical.cat\/es\/#website"},"datePublished":"2024-06-01T07:08:58+00:00","dateModified":"2025-04-26T17:48:26+00:00","description":"Casal de verano musical en Rub\u00ed para ni\u00f1os. Juega, divi\u00e9rtete e interact\u00faa con la m\u00fasica mediante juegos y actividades divertidas.","breadcrumb":{"@id":"https:\/\/www.laulamusical.cat\/es\/casal-verano-rubi\/#breadcrumb"},"inLanguage":"es","potentialAction":[{"@type":"ReadAction","target":["https:\/\/www.laulamusical.cat\/es\/casal-verano-rubi\/"]}]},{"@type":"BreadcrumbList","@id":"https:\/\/www.laulamusical.cat\/es\/casal-verano-rubi\/#breadcrumb","itemListElement":[{"@type":"ListItem","position":1,"name":"Portada","item":"https:\/\/www.laulamusical.cat\/es\/"},{"@type":"ListItem","position":2,"name":"Casal de verano"}]},{"@type":"WebSite","@id":"https:\/\/www.laulamusical.cat\/es\/#website","url":"https:\/\/www.laulamusical.cat\/es\/","name":"L&#039;Aula Musical","description":"Escuela de m\u00fasica en Rub\u00ed","publisher":{"@id":"https:\/\/www.laulamusical.cat\/es\/#organization"},"potentialAction":[{"@type":"SearchAction","target":{"@type":"EntryPoint","urlTemplate":"https:\/\/www.laulamusical.cat\/es\/?s={search_term_string}"},"query-input":{"@type":"PropertyValueSpecification","valueRequired":true,"valueName":"search_term_string"}}],"inLanguage":"es"},{"@type":"Organization","@id":"https:\/\/www.laulamusical.cat\/es\/#organization","name":"L'Aula Musical","url":"https:\/\/www.laulamusical.cat\/es\/","logo":{"@type":"ImageObject","inLanguage":"es","@id":"https:\/\/www.laulamusical.cat\/es\/#\/schema\/logo\/image\/","url":"https:\/\/www.laulamusical.cat\/wp-content\/uploads\/2021\/08\/cropped-logo-cuadrado.jpg","contentUrl":"https:\/\/www.laulamusical.cat\/wp-content\/uploads\/2021\/08\/cropped-logo-cuadrado.jpg","width":512,"height":512,"caption":"L'Aula Musical"},"image":{"@id":"https:\/\/www.laulamusical.cat\/es\/#\/schema\/logo\/image\/"}}]}},"_links":{"self":[{"href":"https:\/\/www.laulamusical.cat\/es\/wp-json\/wp\/v2\/pages\/5452","targetHints":{"allow":["GET"]}}],"collection":[{"href":"https:\/\/www.laulamusical.cat\/es\/wp-json\/wp\/v2\/pages"}],"about":[{"href":"https:\/\/www.laulamusical.cat\/es\/wp-json\/wp\/v2\/types\/page"}],"author":[{"embeddable":true,"href":"https:\/\/www.laulamusical.cat\/es\/wp-json\/wp\/v2\/users\/9"}],"replies":[{"embeddable":true,"href":"https:\/\/www.laulamusical.cat\/es\/wp-json\/wp\/v2\/comments?post=5452"}],"version-history":[{"count":5,"href":"https:\/\/www.laulamusical.cat\/es\/wp-json\/wp\/v2\/pages\/5452\/revisions"}],"predecessor-version":[{"id":5704,"href":"https:\/\/www.laulamusical.cat\/es\/wp-json\/wp\/v2\/pages\/5452\/revisions\/5704"}],"wp:attachment":[{"href":"https:\/\/www.laulamusical.cat\/es\/wp-json\/wp\/v2\/media?parent=5452"}],"curies":[{"name":"wp","href":"https:\/\/api.w.org\/{rel}","templated":true}]}}